{"id":999,"date":"2025-12-06T14:28:50","date_gmt":"2025-12-06T14:28:50","guid":{"rendered":"https:\/\/www.peintredurail.com\/?post_type=product&#038;p=999"},"modified":"2025-12-06T14:37:59","modified_gmt":"2025-12-06T14:37:59","slug":"turbotrain","status":"publish","type":"product","link":"https:\/\/www.peintredurail.com\/fr\/product\/turbotrain\/","title":{"rendered":"Turbotrain !"},"content":{"rendered":"<p>Le Turbotrain fran\u00e7ais (turbine \u00e0 gaz) \u00e9tait une tentative d\u2019atteindre de hautes performances sans \u00e9lectrification. \u00c0 ses d\u00e9buts, il a \u00e9t\u00e9 un succ\u00e8s, et certains exemplaires ont m\u00eame \u00e9t\u00e9 construits pour les \u00c9tats-Unis pour \u00eatre utilis\u00e9s sur les anciennes lignes de New York Central. Cependant, apr\u00e8s les crises p\u00e9troli\u00e8res des ann\u00e9es 1970, sa forte consommation de carburant le rendait de moins en moins attrayant \u00e0 exploiter. A noter : le premier prototype du TGV \u00e9tait propuls\u00e9 par une turbine \u00e0 gaz.<\/p>\n","protected":false},"excerpt":{"rendered":"<p>Le Turbotrain fran\u00e7ais (turbine \u00e0 gaz) \u00e9tait une tentative d\u2019atteindre de hautes performances sans \u00e9lectrification. \u00c0 ses d\u00e9buts, il a \u00e9t\u00e9 un succ\u00e8s, et certains exemplaires ont m\u00eame \u00e9t\u00e9 construits pour les \u00c9tats-Unis pour \u00eatre utilis\u00e9s sur les anciennes lignes de New York Central. Cependant, apr\u00e8s les crises p\u00e9troli\u00e8res des ann\u00e9es 1970, sa forte consommation &hellip;<\/p>\n","protected":false},"featured_media":1000,"template":"","meta":{"_acf_changed":false},"product_brand":[],"product_cat":[20,19],"product_tag":[],"class_list":{"0":"post-999","1":"product","2":"type-product","3":"status-publish","4":"has-post-thumbnail","6":"product_cat-gallery","7":"product_cat-not-for-sale","9":"first","10":"outofstock","11":"shipping-taxable","12":"product-type-simple"},"acf":[],"yoast_head":"<!-- This site is optimized with the Yoast SEO plugin v27.6 - https:\/\/yoast.com\/product\/yoast-seo-wordpress\/ -->\n<title>Turbotrain !<\/title>\n<meta name=\"robots\" content=\"index, follow, max-snippet:-1, max-image-preview:large, max-video-preview:-1\" \/>\n<link rel=\"canonical\" href=\"https:\/\/www.peintredurail.com\/fr\/product\/turbotrain\/\" \/>\n<meta property=\"og:locale\" content=\"fr_FR\" \/>\n<meta property=\"og:locale:alternate\" content=\"en_GB\" \/>\n<meta property=\"og:type\" content=\"article\" \/>\n<meta property=\"og:title\" content=\"Turbotrain !\" \/>\n<meta property=\"og:description\" content=\"Le Turbotrain fran\u00e7ais (turbine \u00e0 gaz) \u00e9tait une tentative d\u2019atteindre de hautes performances sans \u00e9lectrification. \u00c0 ses d\u00e9buts, il a \u00e9t\u00e9 un succ\u00e8s, et certains exemplaires ont m\u00eame \u00e9t\u00e9 construits pour les \u00c9tats-Unis pour \u00eatre utilis\u00e9s sur les anciennes lignes de New York Central. Cependant, apr\u00e8s les crises p\u00e9troli\u00e8res des ann\u00e9es 1970, sa forte consommation &hellip;\" \/>\n<meta property=\"og:url\" content=\"https:\/\/www.peintredurail.com\/fr\/product\/turbotrain\/\" \/>\n<meta property=\"og:site_name\" content=\"Peintre du Rail\" \/>\n<meta property=\"article:modified_time\" content=\"2025-12-06T14:37:59+00:00\" \/>\n<meta property=\"og:image\" content=\"https:\/\/www.peintredurail.com\/wp-content\/uploads\/2025\/12\/Turbotrain-scaled.jpeg\" \/>\n\t<meta property=\"og:image:width\" content=\"2560\" \/>\n\t<meta property=\"og:image:height\" content=\"1851\" \/>\n\t<meta property=\"og:image:type\" content=\"image\/jpeg\" \/>\n<meta name=\"twitter:card\" content=\"summary_large_image\" \/>\n<meta name=\"twitter:label1\" content=\"Est. reading time\" \/>\n\t<meta name=\"twitter:data1\" content=\"1 minute\" \/>\n<script type=\"application\/ld+json\" class=\"yoast-schema-graph\">{\"@context\":\"https:\\\/\\\/schema.org\",\"@graph\":[{\"@type\":\"WebPage\",\"@id\":\"https:\\\/\\\/www.peintredurail.com\\\/product\\\/turbotrain\\\/\",\"url\":\"https:\\\/\\\/www.peintredurail.com\\\/product\\\/turbotrain\\\/\",\"name\":\"Turbotrain !\",\"isPartOf\":{\"@id\":\"https:\\\/\\\/www.peintredurail.com\\\/fr\\\/#website\"},\"primaryImageOfPage\":{\"@id\":\"https:\\\/\\\/www.peintredurail.com\\\/product\\\/turbotrain\\\/#primaryimage\"},\"image\":{\"@id\":\"https:\\\/\\\/www.peintredurail.com\\\/product\\\/turbotrain\\\/#primaryimage\"},\"thumbnailUrl\":\"https:\\\/\\\/www.peintredurail.com\\\/wp-content\\\/uploads\\\/2025\\\/12\\\/Turbotrain-scaled.jpeg\",\"datePublished\":\"2025-12-06T14:28:50+00:00\",\"dateModified\":\"2025-12-06T14:37:59+00:00\",\"breadcrumb\":{\"@id\":\"https:\\\/\\\/www.peintredurail.com\\\/product\\\/turbotrain\\\/#breadcrumb\"},\"inLanguage\":\"fr-FR\",\"potentialAction\":[{\"@type\":\"ReadAction\",\"target\":[\"https:\\\/\\\/www.peintredurail.com\\\/product\\\/turbotrain\\\/\"]}]},{\"@type\":\"ImageObject\",\"inLanguage\":\"fr-FR\",\"@id\":\"https:\\\/\\\/www.peintredurail.com\\\/product\\\/turbotrain\\\/#primaryimage\",\"url\":\"https:\\\/\\\/www.peintredurail.com\\\/wp-content\\\/uploads\\\/2025\\\/12\\\/Turbotrain-scaled.jpeg\",\"contentUrl\":\"https:\\\/\\\/www.peintredurail.com\\\/wp-content\\\/uploads\\\/2025\\\/12\\\/Turbotrain-scaled.jpeg\",\"width\":2560,\"height\":1851},{\"@type\":\"BreadcrumbList\",\"@id\":\"https:\\\/\\\/www.peintredurail.com\\\/product\\\/turbotrain\\\/#breadcrumb\",\"itemListElement\":[{\"@type\":\"ListItem\",\"position\":1,\"name\":\"Home\",\"item\":\"https:\\\/\\\/www.peintredurail.com\\\/fr\\\/\"},{\"@type\":\"ListItem\",\"position\":2,\"name\":\"Acheter des tirages\",\"item\":\"https:\\\/\\\/www.peintredurail.com\\\/fr\\\/shop\\\/\"},{\"@type\":\"ListItem\",\"position\":3,\"name\":\"Turbotrain!\"}]},{\"@type\":\"WebSite\",\"@id\":\"https:\\\/\\\/www.peintredurail.com\\\/fr\\\/#website\",\"url\":\"https:\\\/\\\/www.peintredurail.com\\\/fr\\\/\",\"name\":\"Peintre du Rail\",\"description\":\"Chris Ludlow\",\"potentialAction\":[{\"@type\":\"SearchAction\",\"target\":{\"@type\":\"EntryPoint\",\"urlTemplate\":\"https:\\\/\\\/www.peintredurail.com\\\/fr\\\/?s={search_term_string}\"},\"query-input\":{\"@type\":\"PropertyValueSpecification\",\"valueRequired\":true,\"valueName\":\"search_term_string\"}}],\"inLanguage\":\"fr-FR\"}]}<\/script>\n<!-- \/ Yoast SEO plugin. -->","yoast_head_json":{"title":"Turbotrain !","robots":{"index":"index","follow":"follow","max-snippet":"max-snippet:-1","max-image-preview":"max-image-preview:large","max-video-preview":"max-video-preview:-1"},"canonical":"https:\/\/www.peintredurail.com\/fr\/product\/turbotrain\/","og_locale":"fr_FR","og_type":"article","og_title":"[:en]Turbotrain![:fr]Turbotrain ![:] - Peintre du Rail","og_description":"Le Turbotrain fran\u00e7ais (turbine \u00e0 gaz) \u00e9tait une tentative d\u2019atteindre de hautes performances sans \u00e9lectrification. \u00c0 ses d\u00e9buts, il a \u00e9t\u00e9 un succ\u00e8s, et certains exemplaires ont m\u00eame \u00e9t\u00e9 construits pour les \u00c9tats-Unis pour \u00eatre utilis\u00e9s sur les anciennes lignes de New York Central. Cependant, apr\u00e8s les crises p\u00e9troli\u00e8res des ann\u00e9es 1970, sa forte consommation &hellip;","og_url":"https:\/\/www.peintredurail.com\/fr\/product\/turbotrain\/","og_site_name":"Peintre du Rail","article_modified_time":"2025-12-06T14:37:59+00:00","og_image":[{"width":2560,"height":1851,"url":"https:\/\/www.peintredurail.com\/wp-content\/uploads\/2025\/12\/Turbotrain-scaled.jpeg","type":"image\/jpeg"}],"twitter_card":"summary_large_image","twitter_misc":{"Est. reading time":"1 minute"},"schema":{"@context":"https:\/\/schema.org","@graph":[{"@type":"WebPage","@id":"https:\/\/www.peintredurail.com\/product\/turbotrain\/","url":"https:\/\/www.peintredurail.com\/product\/turbotrain\/","name":"Turbotrain !","isPartOf":{"@id":"https:\/\/www.peintredurail.com\/fr\/#website"},"primaryImageOfPage":{"@id":"https:\/\/www.peintredurail.com\/product\/turbotrain\/#primaryimage"},"image":{"@id":"https:\/\/www.peintredurail.com\/product\/turbotrain\/#primaryimage"},"thumbnailUrl":"https:\/\/www.peintredurail.com\/wp-content\/uploads\/2025\/12\/Turbotrain-scaled.jpeg","datePublished":"2025-12-06T14:28:50+00:00","dateModified":"2025-12-06T14:37:59+00:00","breadcrumb":{"@id":"https:\/\/www.peintredurail.com\/product\/turbotrain\/#breadcrumb"},"inLanguage":"fr-FR","potentialAction":[{"@type":"ReadAction","target":["https:\/\/www.peintredurail.com\/product\/turbotrain\/"]}]},{"@type":"ImageObject","inLanguage":"fr-FR","@id":"https:\/\/www.peintredurail.com\/product\/turbotrain\/#primaryimage","url":"https:\/\/www.peintredurail.com\/wp-content\/uploads\/2025\/12\/Turbotrain-scaled.jpeg","contentUrl":"https:\/\/www.peintredurail.com\/wp-content\/uploads\/2025\/12\/Turbotrain-scaled.jpeg","width":2560,"height":1851},{"@type":"BreadcrumbList","@id":"https:\/\/www.peintredurail.com\/product\/turbotrain\/#breadcrumb","itemListElement":[{"@type":"ListItem","position":1,"name":"Home","item":"https:\/\/www.peintredurail.com\/fr\/"},{"@type":"ListItem","position":2,"name":"Acheter des tirages","item":"https:\/\/www.peintredurail.com\/fr\/shop\/"},{"@type":"ListItem","position":3,"name":"Turbotrain!"}]},{"@type":"WebSite","@id":"https:\/\/www.peintredurail.com\/fr\/#website","url":"https:\/\/www.peintredurail.com\/fr\/","name":"Peintre du Rail","description":"Chris Ludlow","potentialAction":[{"@type":"SearchAction","target":{"@type":"EntryPoint","urlTemplate":"https:\/\/www.peintredurail.com\/fr\/?s={search_term_string}"},"query-input":{"@type":"PropertyValueSpecification","valueRequired":true,"valueName":"search_term_string"}}],"inLanguage":"fr-FR"}]}},"_links":{"self":[{"href":"https:\/\/www.peintredurail.com\/fr\/wp-json\/wp\/v2\/product\/999","targetHints":{"allow":["GET"]}}],"collection":[{"href":"https:\/\/www.peintredurail.com\/fr\/wp-json\/wp\/v2\/product"}],"about":[{"href":"https:\/\/www.peintredurail.com\/fr\/wp-json\/wp\/v2\/types\/product"}],"wp:featuredmedia":[{"embeddable":true,"href":"https:\/\/www.peintredurail.com\/fr\/wp-json\/wp\/v2\/media\/1000"}],"wp:attachment":[{"href":"https:\/\/www.peintredurail.com\/fr\/wp-json\/wp\/v2\/media?parent=999"}],"wp:term":[{"taxonomy":"product_brand","embeddable":true,"href":"https:\/\/www.peintredurail.com\/fr\/wp-json\/wp\/v2\/product_brand?post=999"},{"taxonomy":"product_cat","embeddable":true,"href":"https:\/\/www.peintredurail.com\/fr\/wp-json\/wp\/v2\/product_cat?post=999"},{"taxonomy":"product_tag","embeddable":true,"href":"https:\/\/www.peintredurail.com\/fr\/wp-json\/wp\/v2\/product_tag?post=999"}],"curies":[{"name":"wp","href":"https:\/\/api.w.org\/{rel}","templated":true}]}}