{"id":997,"date":"2025-12-06T14:26:47","date_gmt":"2025-12-06T14:26:47","guid":{"rendered":"https:\/\/www.peintredurail.com\/?post_type=product&#038;p=997"},"modified":"2025-12-06T14:38:42","modified_gmt":"2025-12-06T14:38:42","slug":"tee","status":"publish","type":"product","link":"https:\/\/www.peintredurail.com\/fr\/product\/tee\/","title":{"rendered":"TEE"},"content":{"rendered":"<p>Le r\u00e9seau TEE (Trans-Europ-Express) \u00e9tait un enfant des ann\u00e9es 1950, lorsqu\u2019une Europe unifi\u00e9e a \u00e9t\u00e9 envisag\u00e9e pour mettre fin \u00e0 d\u2019autres guerres sur le continent. La France, la Belgique, l\u2019Allemagne, l\u2019Italie, l\u2019Autriche, la Suisse et les Pays-Bas ont tous leur propre interpr\u00e9tation sur le th\u00e8me, et c\u2019est ici la version allemande, la VT 11.5. C\u2019\u00e9tait probablement le plus spectaculaire de tous les trains, qui \u00e9taient tous peints dans les m\u00eames couleurs.<\/p>\n","protected":false},"excerpt":{"rendered":"<p>Le r\u00e9seau TEE (Trans-Europ-Express) \u00e9tait un enfant des ann\u00e9es 1950, lorsqu\u2019une Europe unifi\u00e9e a \u00e9t\u00e9 envisag\u00e9e pour mettre fin \u00e0 d\u2019autres guerres sur le continent. La France, la Belgique, l\u2019Allemagne, l\u2019Italie, l\u2019Autriche, la Suisse et les Pays-Bas ont tous leur propre interpr\u00e9tation sur le th\u00e8me, et c\u2019est ici la version allemande, la VT 11.5. C\u2019\u00e9tait &hellip;<\/p>\n","protected":false},"featured_media":998,"template":"","meta":{"_acf_changed":false},"product_brand":[],"product_cat":[20,19],"product_tag":[],"class_list":{"0":"post-997","1":"product","2":"type-product","3":"status-publish","4":"has-post-thumbnail","6":"product_cat-gallery","7":"product_cat-not-for-sale","9":"first","10":"outofstock","11":"shipping-taxable","12":"product-type-simple"},"acf":[],"yoast_head":"<!-- This site is optimized with the Yoast SEO plugin v27.5 - https:\/\/yoast.com\/product\/yoast-seo-wordpress\/ -->\n<title>TEE<\/title>\n<meta name=\"robots\" content=\"index, follow, max-snippet:-1, max-image-preview:large, max-video-preview:-1\" \/>\n<link rel=\"canonical\" href=\"https:\/\/www.peintredurail.com\/fr\/product\/tee\/\" \/>\n<meta property=\"og:locale\" content=\"fr_FR\" \/>\n<meta property=\"og:locale:alternate\" content=\"en_GB\" \/>\n<meta property=\"og:type\" content=\"article\" \/>\n<meta property=\"og:title\" content=\"TEE\" \/>\n<meta property=\"og:description\" content=\"Le r\u00e9seau TEE (Trans-Europ-Express) \u00e9tait un enfant des ann\u00e9es 1950, lorsqu\u2019une Europe unifi\u00e9e a \u00e9t\u00e9 envisag\u00e9e pour mettre fin \u00e0 d\u2019autres guerres sur le continent. La France, la Belgique, l\u2019Allemagne, l\u2019Italie, l\u2019Autriche, la Suisse et les Pays-Bas ont tous leur propre interpr\u00e9tation sur le th\u00e8me, et c\u2019est ici la version allemande, la VT 11.5. C\u2019\u00e9tait &hellip;\" \/>\n<meta property=\"og:url\" content=\"https:\/\/www.peintredurail.com\/fr\/product\/tee\/\" \/>\n<meta property=\"og:site_name\" content=\"Peintre du Rail\" \/>\n<meta property=\"article:modified_time\" content=\"2025-12-06T14:38:42+00:00\" \/>\n<meta property=\"og:image\" content=\"https:\/\/www.peintredurail.com\/wp-content\/uploads\/2025\/12\/TEE-scaled.jpeg\" \/>\n\t<meta property=\"og:image:width\" content=\"2560\" \/>\n\t<meta property=\"og:image:height\" content=\"1835\" \/>\n\t<meta property=\"og:image:type\" content=\"image\/jpeg\" \/>\n<meta name=\"twitter:card\" content=\"summary_large_image\" \/>\n<meta name=\"twitter:label1\" content=\"Est. reading time\" \/>\n\t<meta name=\"twitter:data1\" content=\"1 minute\" \/>\n<script type=\"application\/ld+json\" class=\"yoast-schema-graph\">{\"@context\":\"https:\\\/\\\/schema.org\",\"@graph\":[{\"@type\":\"WebPage\",\"@id\":\"https:\\\/\\\/www.peintredurail.com\\\/product\\\/tee\\\/\",\"url\":\"https:\\\/\\\/www.peintredurail.com\\\/product\\\/tee\\\/\",\"name\":\"TEE\",\"isPartOf\":{\"@id\":\"https:\\\/\\\/www.peintredurail.com\\\/fr\\\/#website\"},\"primaryImageOfPage\":{\"@id\":\"https:\\\/\\\/www.peintredurail.com\\\/product\\\/tee\\\/#primaryimage\"},\"image\":{\"@id\":\"https:\\\/\\\/www.peintredurail.com\\\/product\\\/tee\\\/#primaryimage\"},\"thumbnailUrl\":\"https:\\\/\\\/www.peintredurail.com\\\/wp-content\\\/uploads\\\/2025\\\/12\\\/TEE-scaled.jpeg\",\"datePublished\":\"2025-12-06T14:26:47+00:00\",\"dateModified\":\"2025-12-06T14:38:42+00:00\",\"breadcrumb\":{\"@id\":\"https:\\\/\\\/www.peintredurail.com\\\/product\\\/tee\\\/#breadcrumb\"},\"inLanguage\":\"fr-FR\",\"potentialAction\":[{\"@type\":\"ReadAction\",\"target\":[\"https:\\\/\\\/www.peintredurail.com\\\/product\\\/tee\\\/\"]}]},{\"@type\":\"ImageObject\",\"inLanguage\":\"fr-FR\",\"@id\":\"https:\\\/\\\/www.peintredurail.com\\\/product\\\/tee\\\/#primaryimage\",\"url\":\"https:\\\/\\\/www.peintredurail.com\\\/wp-content\\\/uploads\\\/2025\\\/12\\\/TEE-scaled.jpeg\",\"contentUrl\":\"https:\\\/\\\/www.peintredurail.com\\\/wp-content\\\/uploads\\\/2025\\\/12\\\/TEE-scaled.jpeg\",\"width\":2560,\"height\":1835},{\"@type\":\"BreadcrumbList\",\"@id\":\"https:\\\/\\\/www.peintredurail.com\\\/product\\\/tee\\\/#breadcrumb\",\"itemListElement\":[{\"@type\":\"ListItem\",\"position\":1,\"name\":\"Home\",\"item\":\"https:\\\/\\\/www.peintredurail.com\\\/fr\\\/\"},{\"@type\":\"ListItem\",\"position\":2,\"name\":\"Acheter des tirages\",\"item\":\"https:\\\/\\\/www.peintredurail.com\\\/fr\\\/shop\\\/\"},{\"@type\":\"ListItem\",\"position\":3,\"name\":\"TEE\"}]},{\"@type\":\"WebSite\",\"@id\":\"https:\\\/\\\/www.peintredurail.com\\\/fr\\\/#website\",\"url\":\"https:\\\/\\\/www.peintredurail.com\\\/fr\\\/\",\"name\":\"Peintre du Rail\",\"description\":\"Chris Ludlow\",\"potentialAction\":[{\"@type\":\"SearchAction\",\"target\":{\"@type\":\"EntryPoint\",\"urlTemplate\":\"https:\\\/\\\/www.peintredurail.com\\\/fr\\\/?s={search_term_string}\"},\"query-input\":{\"@type\":\"PropertyValueSpecification\",\"valueRequired\":true,\"valueName\":\"search_term_string\"}}],\"inLanguage\":\"fr-FR\"}]}<\/script>\n<!-- \/ Yoast SEO plugin. -->","yoast_head_json":{"title":"TEE","robots":{"index":"index","follow":"follow","max-snippet":"max-snippet:-1","max-image-preview":"max-image-preview:large","max-video-preview":"max-video-preview:-1"},"canonical":"https:\/\/www.peintredurail.com\/fr\/product\/tee\/","og_locale":"fr_FR","og_type":"article","og_title":"[:en]TEE[:fr]TEE[:] - Peintre du Rail","og_description":"Le r\u00e9seau TEE (Trans-Europ-Express) \u00e9tait un enfant des ann\u00e9es 1950, lorsqu\u2019une Europe unifi\u00e9e a \u00e9t\u00e9 envisag\u00e9e pour mettre fin \u00e0 d\u2019autres guerres sur le continent. La France, la Belgique, l\u2019Allemagne, l\u2019Italie, l\u2019Autriche, la Suisse et les Pays-Bas ont tous leur propre interpr\u00e9tation sur le th\u00e8me, et c\u2019est ici la version allemande, la VT 11.5. C\u2019\u00e9tait &hellip;","og_url":"https:\/\/www.peintredurail.com\/fr\/product\/tee\/","og_site_name":"Peintre du Rail","article_modified_time":"2025-12-06T14:38:42+00:00","og_image":[{"width":2560,"height":1835,"url":"https:\/\/www.peintredurail.com\/wp-content\/uploads\/2025\/12\/TEE-scaled.jpeg","type":"image\/jpeg"}],"twitter_card":"summary_large_image","twitter_misc":{"Est. reading time":"1 minute"},"schema":{"@context":"https:\/\/schema.org","@graph":[{"@type":"WebPage","@id":"https:\/\/www.peintredurail.com\/product\/tee\/","url":"https:\/\/www.peintredurail.com\/product\/tee\/","name":"TEE","isPartOf":{"@id":"https:\/\/www.peintredurail.com\/fr\/#website"},"primaryImageOfPage":{"@id":"https:\/\/www.peintredurail.com\/product\/tee\/#primaryimage"},"image":{"@id":"https:\/\/www.peintredurail.com\/product\/tee\/#primaryimage"},"thumbnailUrl":"https:\/\/www.peintredurail.com\/wp-content\/uploads\/2025\/12\/TEE-scaled.jpeg","datePublished":"2025-12-06T14:26:47+00:00","dateModified":"2025-12-06T14:38:42+00:00","breadcrumb":{"@id":"https:\/\/www.peintredurail.com\/product\/tee\/#breadcrumb"},"inLanguage":"fr-FR","potentialAction":[{"@type":"ReadAction","target":["https:\/\/www.peintredurail.com\/product\/tee\/"]}]},{"@type":"ImageObject","inLanguage":"fr-FR","@id":"https:\/\/www.peintredurail.com\/product\/tee\/#primaryimage","url":"https:\/\/www.peintredurail.com\/wp-content\/uploads\/2025\/12\/TEE-scaled.jpeg","contentUrl":"https:\/\/www.peintredurail.com\/wp-content\/uploads\/2025\/12\/TEE-scaled.jpeg","width":2560,"height":1835},{"@type":"BreadcrumbList","@id":"https:\/\/www.peintredurail.com\/product\/tee\/#breadcrumb","itemListElement":[{"@type":"ListItem","position":1,"name":"Home","item":"https:\/\/www.peintredurail.com\/fr\/"},{"@type":"ListItem","position":2,"name":"Acheter des tirages","item":"https:\/\/www.peintredurail.com\/fr\/shop\/"},{"@type":"ListItem","position":3,"name":"TEE"}]},{"@type":"WebSite","@id":"https:\/\/www.peintredurail.com\/fr\/#website","url":"https:\/\/www.peintredurail.com\/fr\/","name":"Peintre du Rail","description":"Chris Ludlow","potentialAction":[{"@type":"SearchAction","target":{"@type":"EntryPoint","urlTemplate":"https:\/\/www.peintredurail.com\/fr\/?s={search_term_string}"},"query-input":{"@type":"PropertyValueSpecification","valueRequired":true,"valueName":"search_term_string"}}],"inLanguage":"fr-FR"}]}},"_links":{"self":[{"href":"https:\/\/www.peintredurail.com\/fr\/wp-json\/wp\/v2\/product\/997","targetHints":{"allow":["GET"]}}],"collection":[{"href":"https:\/\/www.peintredurail.com\/fr\/wp-json\/wp\/v2\/product"}],"about":[{"href":"https:\/\/www.peintredurail.com\/fr\/wp-json\/wp\/v2\/types\/product"}],"wp:featuredmedia":[{"embeddable":true,"href":"https:\/\/www.peintredurail.com\/fr\/wp-json\/wp\/v2\/media\/998"}],"wp:attachment":[{"href":"https:\/\/www.peintredurail.com\/fr\/wp-json\/wp\/v2\/media?parent=997"}],"wp:term":[{"taxonomy":"product_brand","embeddable":true,"href":"https:\/\/www.peintredurail.com\/fr\/wp-json\/wp\/v2\/product_brand?post=997"},{"taxonomy":"product_cat","embeddable":true,"href":"https:\/\/www.peintredurail.com\/fr\/wp-json\/wp\/v2\/product_cat?post=997"},{"taxonomy":"product_tag","embeddable":true,"href":"https:\/\/www.peintredurail.com\/fr\/wp-json\/wp\/v2\/product_tag?post=997"}],"curies":[{"name":"wp","href":"https:\/\/api.w.org\/{rel}","templated":true}]}}