{"id":995,"date":"2025-12-06T14:25:30","date_gmt":"2025-12-06T14:25:30","guid":{"rendered":"https:\/\/www.peintredurail.com\/?post_type=product&#038;p=995"},"modified":"2025-12-06T14:38:44","modified_gmt":"2025-12-06T14:38:44","slug":"mallet-at-uzerche","status":"publish","type":"product","link":"https:\/\/www.peintredurail.com\/fr\/product\/mallet-at-uzerche\/","title":{"rendered":"Mallet \u00e0 Uzerche"},"content":{"rendered":"<p>Le r\u00e9seau \u00e0 voie m\u00e9trique PO-Corr\u00e8ze \u00e9tait l\u2019un des plus importants en France, o\u00f9 de tels chemins de fer remplissaient autrefois le r\u00e9seau ferroviaire dans les zones o\u00f9 il \u00e9tait difficile ou peu rentable de construire des lignes \u00e0 voie standard. Ici, un 0-4-4-0 Mallet arrive dans la jolie petite ville d\u2019Uzerche, non loin de Tulle. Le viaduc existe toujours, mais le train est disparu.<\/p>\n","protected":false},"excerpt":{"rendered":"<p>Le r\u00e9seau \u00e0 voie m\u00e9trique PO-Corr\u00e8ze \u00e9tait l\u2019un des plus importants en France, o\u00f9 de tels chemins de fer remplissaient autrefois le r\u00e9seau ferroviaire dans les zones o\u00f9 il \u00e9tait difficile ou peu rentable de construire des lignes \u00e0 voie standard. Ici, un 0-4-4-0 Mallet arrive dans la jolie petite ville d\u2019Uzerche, non loin de &hellip;<\/p>\n","protected":false},"featured_media":996,"template":"","meta":{"_acf_changed":false},"product_brand":[],"product_cat":[20,19],"product_tag":[],"class_list":{"0":"post-995","1":"product","2":"type-product","3":"status-publish","4":"has-post-thumbnail","6":"product_cat-gallery","7":"product_cat-not-for-sale","9":"first","10":"outofstock","11":"shipping-taxable","12":"product-type-simple"},"acf":[],"yoast_head":"<!-- This site is optimized with the Yoast SEO plugin v27.5 - https:\/\/yoast.com\/product\/yoast-seo-wordpress\/ -->\n<title>Mallet \u00e0 Uzerche<\/title>\n<meta name=\"robots\" content=\"index, follow, max-snippet:-1, max-image-preview:large, max-video-preview:-1\" \/>\n<link rel=\"canonical\" href=\"https:\/\/www.peintredurail.com\/fr\/product\/mallet-at-uzerche\/\" \/>\n<meta property=\"og:locale\" content=\"fr_FR\" \/>\n<meta property=\"og:locale:alternate\" content=\"en_GB\" \/>\n<meta property=\"og:type\" content=\"article\" \/>\n<meta property=\"og:title\" content=\"Mallet \u00e0 Uzerche\" \/>\n<meta property=\"og:description\" content=\"Le r\u00e9seau \u00e0 voie m\u00e9trique PO-Corr\u00e8ze \u00e9tait l\u2019un des plus importants en France, o\u00f9 de tels chemins de fer remplissaient autrefois le r\u00e9seau ferroviaire dans les zones o\u00f9 il \u00e9tait difficile ou peu rentable de construire des lignes \u00e0 voie standard. Ici, un 0-4-4-0 Mallet arrive dans la jolie petite ville d\u2019Uzerche, non loin de &hellip;\" \/>\n<meta property=\"og:url\" content=\"https:\/\/www.peintredurail.com\/fr\/product\/mallet-at-uzerche\/\" \/>\n<meta property=\"og:site_name\" content=\"Peintre du Rail\" \/>\n<meta property=\"article:modified_time\" content=\"2025-12-06T14:38:44+00:00\" \/>\n<meta property=\"og:image\" content=\"https:\/\/www.peintredurail.com\/wp-content\/uploads\/2025\/12\/Mallet-at-Uzerche-scaled.jpeg\" \/>\n\t<meta property=\"og:image:width\" content=\"2560\" \/>\n\t<meta property=\"og:image:height\" content=\"1753\" \/>\n\t<meta property=\"og:image:type\" content=\"image\/jpeg\" \/>\n<meta name=\"twitter:card\" content=\"summary_large_image\" \/>\n<meta name=\"twitter:label1\" content=\"Est. reading time\" \/>\n\t<meta name=\"twitter:data1\" content=\"1 minute\" \/>\n<script type=\"application\/ld+json\" class=\"yoast-schema-graph\">{\"@context\":\"https:\\\/\\\/schema.org\",\"@graph\":[{\"@type\":\"WebPage\",\"@id\":\"https:\\\/\\\/www.peintredurail.com\\\/product\\\/mallet-at-uzerche\\\/\",\"url\":\"https:\\\/\\\/www.peintredurail.com\\\/product\\\/mallet-at-uzerche\\\/\",\"name\":\"Mallet \u00e0 Uzerche\",\"isPartOf\":{\"@id\":\"https:\\\/\\\/www.peintredurail.com\\\/fr\\\/#website\"},\"primaryImageOfPage\":{\"@id\":\"https:\\\/\\\/www.peintredurail.com\\\/product\\\/mallet-at-uzerche\\\/#primaryimage\"},\"image\":{\"@id\":\"https:\\\/\\\/www.peintredurail.com\\\/product\\\/mallet-at-uzerche\\\/#primaryimage\"},\"thumbnailUrl\":\"https:\\\/\\\/www.peintredurail.com\\\/wp-content\\\/uploads\\\/2025\\\/12\\\/Mallet-at-Uzerche-scaled.jpeg\",\"datePublished\":\"2025-12-06T14:25:30+00:00\",\"dateModified\":\"2025-12-06T14:38:44+00:00\",\"breadcrumb\":{\"@id\":\"https:\\\/\\\/www.peintredurail.com\\\/product\\\/mallet-at-uzerche\\\/#breadcrumb\"},\"inLanguage\":\"fr-FR\",\"potentialAction\":[{\"@type\":\"ReadAction\",\"target\":[\"https:\\\/\\\/www.peintredurail.com\\\/product\\\/mallet-at-uzerche\\\/\"]}]},{\"@type\":\"ImageObject\",\"inLanguage\":\"fr-FR\",\"@id\":\"https:\\\/\\\/www.peintredurail.com\\\/product\\\/mallet-at-uzerche\\\/#primaryimage\",\"url\":\"https:\\\/\\\/www.peintredurail.com\\\/wp-content\\\/uploads\\\/2025\\\/12\\\/Mallet-at-Uzerche-scaled.jpeg\",\"contentUrl\":\"https:\\\/\\\/www.peintredurail.com\\\/wp-content\\\/uploads\\\/2025\\\/12\\\/Mallet-at-Uzerche-scaled.jpeg\",\"width\":2560,\"height\":1753},{\"@type\":\"BreadcrumbList\",\"@id\":\"https:\\\/\\\/www.peintredurail.com\\\/product\\\/mallet-at-uzerche\\\/#breadcrumb\",\"itemListElement\":[{\"@type\":\"ListItem\",\"position\":1,\"name\":\"Home\",\"item\":\"https:\\\/\\\/www.peintredurail.com\\\/fr\\\/\"},{\"@type\":\"ListItem\",\"position\":2,\"name\":\"Acheter des tirages\",\"item\":\"https:\\\/\\\/www.peintredurail.com\\\/fr\\\/shop\\\/\"},{\"@type\":\"ListItem\",\"position\":3,\"name\":\"Mallet at Uzerche\"}]},{\"@type\":\"WebSite\",\"@id\":\"https:\\\/\\\/www.peintredurail.com\\\/fr\\\/#website\",\"url\":\"https:\\\/\\\/www.peintredurail.com\\\/fr\\\/\",\"name\":\"Peintre du Rail\",\"description\":\"Chris Ludlow\",\"potentialAction\":[{\"@type\":\"SearchAction\",\"target\":{\"@type\":\"EntryPoint\",\"urlTemplate\":\"https:\\\/\\\/www.peintredurail.com\\\/fr\\\/?s={search_term_string}\"},\"query-input\":{\"@type\":\"PropertyValueSpecification\",\"valueRequired\":true,\"valueName\":\"search_term_string\"}}],\"inLanguage\":\"fr-FR\"}]}<\/script>\n<!-- \/ Yoast SEO plugin. -->","yoast_head_json":{"title":"Mallet \u00e0 Uzerche","robots":{"index":"index","follow":"follow","max-snippet":"max-snippet:-1","max-image-preview":"max-image-preview:large","max-video-preview":"max-video-preview:-1"},"canonical":"https:\/\/www.peintredurail.com\/fr\/product\/mallet-at-uzerche\/","og_locale":"fr_FR","og_type":"article","og_title":"[:en]Mallet at Uzerche[:fr]Mallet \u00e0 Uzerche[:] - Peintre du Rail","og_description":"Le r\u00e9seau \u00e0 voie m\u00e9trique PO-Corr\u00e8ze \u00e9tait l\u2019un des plus importants en France, o\u00f9 de tels chemins de fer remplissaient autrefois le r\u00e9seau ferroviaire dans les zones o\u00f9 il \u00e9tait difficile ou peu rentable de construire des lignes \u00e0 voie standard. Ici, un 0-4-4-0 Mallet arrive dans la jolie petite ville d\u2019Uzerche, non loin de &hellip;","og_url":"https:\/\/www.peintredurail.com\/fr\/product\/mallet-at-uzerche\/","og_site_name":"Peintre du Rail","article_modified_time":"2025-12-06T14:38:44+00:00","og_image":[{"width":2560,"height":1753,"url":"https:\/\/www.peintredurail.com\/wp-content\/uploads\/2025\/12\/Mallet-at-Uzerche-scaled.jpeg","type":"image\/jpeg"}],"twitter_card":"summary_large_image","twitter_misc":{"Est. reading time":"1 minute"},"schema":{"@context":"https:\/\/schema.org","@graph":[{"@type":"WebPage","@id":"https:\/\/www.peintredurail.com\/product\/mallet-at-uzerche\/","url":"https:\/\/www.peintredurail.com\/product\/mallet-at-uzerche\/","name":"Mallet \u00e0 Uzerche","isPartOf":{"@id":"https:\/\/www.peintredurail.com\/fr\/#website"},"primaryImageOfPage":{"@id":"https:\/\/www.peintredurail.com\/product\/mallet-at-uzerche\/#primaryimage"},"image":{"@id":"https:\/\/www.peintredurail.com\/product\/mallet-at-uzerche\/#primaryimage"},"thumbnailUrl":"https:\/\/www.peintredurail.com\/wp-content\/uploads\/2025\/12\/Mallet-at-Uzerche-scaled.jpeg","datePublished":"2025-12-06T14:25:30+00:00","dateModified":"2025-12-06T14:38:44+00:00","breadcrumb":{"@id":"https:\/\/www.peintredurail.com\/product\/mallet-at-uzerche\/#breadcrumb"},"inLanguage":"fr-FR","potentialAction":[{"@type":"ReadAction","target":["https:\/\/www.peintredurail.com\/product\/mallet-at-uzerche\/"]}]},{"@type":"ImageObject","inLanguage":"fr-FR","@id":"https:\/\/www.peintredurail.com\/product\/mallet-at-uzerche\/#primaryimage","url":"https:\/\/www.peintredurail.com\/wp-content\/uploads\/2025\/12\/Mallet-at-Uzerche-scaled.jpeg","contentUrl":"https:\/\/www.peintredurail.com\/wp-content\/uploads\/2025\/12\/Mallet-at-Uzerche-scaled.jpeg","width":2560,"height":1753},{"@type":"BreadcrumbList","@id":"https:\/\/www.peintredurail.com\/product\/mallet-at-uzerche\/#breadcrumb","itemListElement":[{"@type":"ListItem","position":1,"name":"Home","item":"https:\/\/www.peintredurail.com\/fr\/"},{"@type":"ListItem","position":2,"name":"Acheter des tirages","item":"https:\/\/www.peintredurail.com\/fr\/shop\/"},{"@type":"ListItem","position":3,"name":"Mallet at Uzerche"}]},{"@type":"WebSite","@id":"https:\/\/www.peintredurail.com\/fr\/#website","url":"https:\/\/www.peintredurail.com\/fr\/","name":"Peintre du Rail","description":"Chris Ludlow","potentialAction":[{"@type":"SearchAction","target":{"@type":"EntryPoint","urlTemplate":"https:\/\/www.peintredurail.com\/fr\/?s={search_term_string}"},"query-input":{"@type":"PropertyValueSpecification","valueRequired":true,"valueName":"search_term_string"}}],"inLanguage":"fr-FR"}]}},"_links":{"self":[{"href":"https:\/\/www.peintredurail.com\/fr\/wp-json\/wp\/v2\/product\/995","targetHints":{"allow":["GET"]}}],"collection":[{"href":"https:\/\/www.peintredurail.com\/fr\/wp-json\/wp\/v2\/product"}],"about":[{"href":"https:\/\/www.peintredurail.com\/fr\/wp-json\/wp\/v2\/types\/product"}],"wp:featuredmedia":[{"embeddable":true,"href":"https:\/\/www.peintredurail.com\/fr\/wp-json\/wp\/v2\/media\/996"}],"wp:attachment":[{"href":"https:\/\/www.peintredurail.com\/fr\/wp-json\/wp\/v2\/media?parent=995"}],"wp:term":[{"taxonomy":"product_brand","embeddable":true,"href":"https:\/\/www.peintredurail.com\/fr\/wp-json\/wp\/v2\/product_brand?post=995"},{"taxonomy":"product_cat","embeddable":true,"href":"https:\/\/www.peintredurail.com\/fr\/wp-json\/wp\/v2\/product_cat?post=995"},{"taxonomy":"product_tag","embeddable":true,"href":"https:\/\/www.peintredurail.com\/fr\/wp-json\/wp\/v2\/product_tag?post=995"}],"curies":[{"name":"wp","href":"https:\/\/api.w.org\/{rel}","templated":true}]}}