{"id":993,"date":"2025-12-06T14:24:12","date_gmt":"2025-12-06T14:24:12","guid":{"rendered":"https:\/\/www.peintredurail.com\/?post_type=product&#038;p=993"},"modified":"2025-12-06T14:38:45","modified_gmt":"2025-12-06T14:38:45","slug":"brand-new-american-in-france","status":"publish","type":"product","link":"https:\/\/www.peintredurail.com\/fr\/product\/brand-new-american-in-france\/","title":{"rendered":"Toute nouvelle Am\u00e9ricaine en France"},"content":{"rendered":"<p>Les 141R con\u00e7us et construits par les Am\u00e9ricains ont \u00e9t\u00e9 livr\u00e9s \u00e0 la France par voie maritime apr\u00e8s la Seconde Guerre mondiale et, apr\u00e8s un accueil incertain, sont devenus utilis\u00e9s et appr\u00e9ci\u00e9s partout o\u00f9 ils allaient, en raison de leurs excellentes performances et fiabilit\u00e9. Ici un exemple presque nouveau tire un train de marchandises lourd dans le sud de la France.<\/p>\n","protected":false},"excerpt":{"rendered":"<p>Les 141R con\u00e7us et construits par les Am\u00e9ricains ont \u00e9t\u00e9 livr\u00e9s \u00e0 la France par voie maritime apr\u00e8s la Seconde Guerre mondiale et, apr\u00e8s un accueil incertain, sont devenus utilis\u00e9s et appr\u00e9ci\u00e9s partout o\u00f9 ils allaient, en raison de leurs excellentes performances et fiabilit\u00e9. Ici un exemple presque nouveau tire un train de marchandises lourd &hellip;<\/p>\n","protected":false},"featured_media":994,"template":"","meta":{"_acf_changed":false},"product_brand":[],"product_cat":[20,19],"product_tag":[],"class_list":{"0":"post-993","1":"product","2":"type-product","3":"status-publish","4":"has-post-thumbnail","6":"product_cat-gallery","7":"product_cat-not-for-sale","9":"first","10":"outofstock","11":"shipping-taxable","12":"product-type-simple"},"acf":[],"yoast_head":"<!-- This site is optimized with the Yoast SEO plugin v27.5 - https:\/\/yoast.com\/product\/yoast-seo-wordpress\/ -->\n<title>Toute nouvelle Am\u00e9ricaine en France<\/title>\n<meta name=\"robots\" content=\"index, follow, max-snippet:-1, max-image-preview:large, max-video-preview:-1\" \/>\n<link rel=\"canonical\" href=\"https:\/\/www.peintredurail.com\/fr\/product\/brand-new-american-in-france\/\" \/>\n<meta property=\"og:locale\" content=\"fr_FR\" \/>\n<meta property=\"og:locale:alternate\" content=\"en_GB\" \/>\n<meta property=\"og:type\" content=\"article\" \/>\n<meta property=\"og:title\" content=\"Toute nouvelle Am\u00e9ricaine en France\" \/>\n<meta property=\"og:description\" content=\"Les 141R con\u00e7us et construits par les Am\u00e9ricains ont \u00e9t\u00e9 livr\u00e9s \u00e0 la France par voie maritime apr\u00e8s la Seconde Guerre mondiale et, apr\u00e8s un accueil incertain, sont devenus utilis\u00e9s et appr\u00e9ci\u00e9s partout o\u00f9 ils allaient, en raison de leurs excellentes performances et fiabilit\u00e9. Ici un exemple presque nouveau tire un train de marchandises lourd &hellip;\" \/>\n<meta property=\"og:url\" content=\"https:\/\/www.peintredurail.com\/fr\/product\/brand-new-american-in-france\/\" \/>\n<meta property=\"og:site_name\" content=\"Peintre du Rail\" \/>\n<meta property=\"article:modified_time\" content=\"2025-12-06T14:38:45+00:00\" \/>\n<meta property=\"og:image\" content=\"https:\/\/www.peintredurail.com\/wp-content\/uploads\/2025\/12\/Brand-new-American-in-France-scaled.jpeg\" \/>\n\t<meta property=\"og:image:width\" content=\"2560\" \/>\n\t<meta property=\"og:image:height\" content=\"1823\" \/>\n\t<meta property=\"og:image:type\" content=\"image\/jpeg\" \/>\n<meta name=\"twitter:card\" content=\"summary_large_image\" \/>\n<meta name=\"twitter:label1\" content=\"Est. reading time\" \/>\n\t<meta name=\"twitter:data1\" content=\"1 minute\" \/>\n<script type=\"application\/ld+json\" class=\"yoast-schema-graph\">{\"@context\":\"https:\\\/\\\/schema.org\",\"@graph\":[{\"@type\":\"WebPage\",\"@id\":\"https:\\\/\\\/www.peintredurail.com\\\/product\\\/brand-new-american-in-france\\\/\",\"url\":\"https:\\\/\\\/www.peintredurail.com\\\/product\\\/brand-new-american-in-france\\\/\",\"name\":\"Toute nouvelle Am\u00e9ricaine en France\",\"isPartOf\":{\"@id\":\"https:\\\/\\\/www.peintredurail.com\\\/fr\\\/#website\"},\"primaryImageOfPage\":{\"@id\":\"https:\\\/\\\/www.peintredurail.com\\\/product\\\/brand-new-american-in-france\\\/#primaryimage\"},\"image\":{\"@id\":\"https:\\\/\\\/www.peintredurail.com\\\/product\\\/brand-new-american-in-france\\\/#primaryimage\"},\"thumbnailUrl\":\"https:\\\/\\\/www.peintredurail.com\\\/wp-content\\\/uploads\\\/2025\\\/12\\\/Brand-new-American-in-France-scaled.jpeg\",\"datePublished\":\"2025-12-06T14:24:12+00:00\",\"dateModified\":\"2025-12-06T14:38:45+00:00\",\"breadcrumb\":{\"@id\":\"https:\\\/\\\/www.peintredurail.com\\\/product\\\/brand-new-american-in-france\\\/#breadcrumb\"},\"inLanguage\":\"fr-FR\",\"potentialAction\":[{\"@type\":\"ReadAction\",\"target\":[\"https:\\\/\\\/www.peintredurail.com\\\/product\\\/brand-new-american-in-france\\\/\"]}]},{\"@type\":\"ImageObject\",\"inLanguage\":\"fr-FR\",\"@id\":\"https:\\\/\\\/www.peintredurail.com\\\/product\\\/brand-new-american-in-france\\\/#primaryimage\",\"url\":\"https:\\\/\\\/www.peintredurail.com\\\/wp-content\\\/uploads\\\/2025\\\/12\\\/Brand-new-American-in-France-scaled.jpeg\",\"contentUrl\":\"https:\\\/\\\/www.peintredurail.com\\\/wp-content\\\/uploads\\\/2025\\\/12\\\/Brand-new-American-in-France-scaled.jpeg\",\"width\":2560,\"height\":1823},{\"@type\":\"BreadcrumbList\",\"@id\":\"https:\\\/\\\/www.peintredurail.com\\\/product\\\/brand-new-american-in-france\\\/#breadcrumb\",\"itemListElement\":[{\"@type\":\"ListItem\",\"position\":1,\"name\":\"Home\",\"item\":\"https:\\\/\\\/www.peintredurail.com\\\/fr\\\/\"},{\"@type\":\"ListItem\",\"position\":2,\"name\":\"Acheter des tirages\",\"item\":\"https:\\\/\\\/www.peintredurail.com\\\/fr\\\/shop\\\/\"},{\"@type\":\"ListItem\",\"position\":3,\"name\":\"Brand new American in France\"}]},{\"@type\":\"WebSite\",\"@id\":\"https:\\\/\\\/www.peintredurail.com\\\/fr\\\/#website\",\"url\":\"https:\\\/\\\/www.peintredurail.com\\\/fr\\\/\",\"name\":\"Peintre du Rail\",\"description\":\"Chris Ludlow\",\"potentialAction\":[{\"@type\":\"SearchAction\",\"target\":{\"@type\":\"EntryPoint\",\"urlTemplate\":\"https:\\\/\\\/www.peintredurail.com\\\/fr\\\/?s={search_term_string}\"},\"query-input\":{\"@type\":\"PropertyValueSpecification\",\"valueRequired\":true,\"valueName\":\"search_term_string\"}}],\"inLanguage\":\"fr-FR\"}]}<\/script>\n<!-- \/ Yoast SEO plugin. -->","yoast_head_json":{"title":"Toute nouvelle Am\u00e9ricaine en France","robots":{"index":"index","follow":"follow","max-snippet":"max-snippet:-1","max-image-preview":"max-image-preview:large","max-video-preview":"max-video-preview:-1"},"canonical":"https:\/\/www.peintredurail.com\/fr\/product\/brand-new-american-in-france\/","og_locale":"fr_FR","og_type":"article","og_title":"[:en]Brand new American in France[:fr]Toute nouvelle Am\u00e9ricaine en France[:] - Peintre du Rail","og_description":"Les 141R con\u00e7us et construits par les Am\u00e9ricains ont \u00e9t\u00e9 livr\u00e9s \u00e0 la France par voie maritime apr\u00e8s la Seconde Guerre mondiale et, apr\u00e8s un accueil incertain, sont devenus utilis\u00e9s et appr\u00e9ci\u00e9s partout o\u00f9 ils allaient, en raison de leurs excellentes performances et fiabilit\u00e9. Ici un exemple presque nouveau tire un train de marchandises lourd &hellip;","og_url":"https:\/\/www.peintredurail.com\/fr\/product\/brand-new-american-in-france\/","og_site_name":"Peintre du Rail","article_modified_time":"2025-12-06T14:38:45+00:00","og_image":[{"width":2560,"height":1823,"url":"https:\/\/www.peintredurail.com\/wp-content\/uploads\/2025\/12\/Brand-new-American-in-France-scaled.jpeg","type":"image\/jpeg"}],"twitter_card":"summary_large_image","twitter_misc":{"Est. reading time":"1 minute"},"schema":{"@context":"https:\/\/schema.org","@graph":[{"@type":"WebPage","@id":"https:\/\/www.peintredurail.com\/product\/brand-new-american-in-france\/","url":"https:\/\/www.peintredurail.com\/product\/brand-new-american-in-france\/","name":"Toute nouvelle Am\u00e9ricaine en France","isPartOf":{"@id":"https:\/\/www.peintredurail.com\/fr\/#website"},"primaryImageOfPage":{"@id":"https:\/\/www.peintredurail.com\/product\/brand-new-american-in-france\/#primaryimage"},"image":{"@id":"https:\/\/www.peintredurail.com\/product\/brand-new-american-in-france\/#primaryimage"},"thumbnailUrl":"https:\/\/www.peintredurail.com\/wp-content\/uploads\/2025\/12\/Brand-new-American-in-France-scaled.jpeg","datePublished":"2025-12-06T14:24:12+00:00","dateModified":"2025-12-06T14:38:45+00:00","breadcrumb":{"@id":"https:\/\/www.peintredurail.com\/product\/brand-new-american-in-france\/#breadcrumb"},"inLanguage":"fr-FR","potentialAction":[{"@type":"ReadAction","target":["https:\/\/www.peintredurail.com\/product\/brand-new-american-in-france\/"]}]},{"@type":"ImageObject","inLanguage":"fr-FR","@id":"https:\/\/www.peintredurail.com\/product\/brand-new-american-in-france\/#primaryimage","url":"https:\/\/www.peintredurail.com\/wp-content\/uploads\/2025\/12\/Brand-new-American-in-France-scaled.jpeg","contentUrl":"https:\/\/www.peintredurail.com\/wp-content\/uploads\/2025\/12\/Brand-new-American-in-France-scaled.jpeg","width":2560,"height":1823},{"@type":"BreadcrumbList","@id":"https:\/\/www.peintredurail.com\/product\/brand-new-american-in-france\/#breadcrumb","itemListElement":[{"@type":"ListItem","position":1,"name":"Home","item":"https:\/\/www.peintredurail.com\/fr\/"},{"@type":"ListItem","position":2,"name":"Acheter des tirages","item":"https:\/\/www.peintredurail.com\/fr\/shop\/"},{"@type":"ListItem","position":3,"name":"Brand new American in France"}]},{"@type":"WebSite","@id":"https:\/\/www.peintredurail.com\/fr\/#website","url":"https:\/\/www.peintredurail.com\/fr\/","name":"Peintre du Rail","description":"Chris Ludlow","potentialAction":[{"@type":"SearchAction","target":{"@type":"EntryPoint","urlTemplate":"https:\/\/www.peintredurail.com\/fr\/?s={search_term_string}"},"query-input":{"@type":"PropertyValueSpecification","valueRequired":true,"valueName":"search_term_string"}}],"inLanguage":"fr-FR"}]}},"_links":{"self":[{"href":"https:\/\/www.peintredurail.com\/fr\/wp-json\/wp\/v2\/product\/993","targetHints":{"allow":["GET"]}}],"collection":[{"href":"https:\/\/www.peintredurail.com\/fr\/wp-json\/wp\/v2\/product"}],"about":[{"href":"https:\/\/www.peintredurail.com\/fr\/wp-json\/wp\/v2\/types\/product"}],"wp:featuredmedia":[{"embeddable":true,"href":"https:\/\/www.peintredurail.com\/fr\/wp-json\/wp\/v2\/media\/994"}],"wp:attachment":[{"href":"https:\/\/www.peintredurail.com\/fr\/wp-json\/wp\/v2\/media?parent=993"}],"wp:term":[{"taxonomy":"product_brand","embeddable":true,"href":"https:\/\/www.peintredurail.com\/fr\/wp-json\/wp\/v2\/product_brand?post=993"},{"taxonomy":"product_cat","embeddable":true,"href":"https:\/\/www.peintredurail.com\/fr\/wp-json\/wp\/v2\/product_cat?post=993"},{"taxonomy":"product_tag","embeddable":true,"href":"https:\/\/www.peintredurail.com\/fr\/wp-json\/wp\/v2\/product_tag?post=993"}],"curies":[{"name":"wp","href":"https:\/\/api.w.org\/{rel}","templated":true}]}}