{"id":991,"date":"2025-12-06T14:22:03","date_gmt":"2025-12-06T14:22:03","guid":{"rendered":"https:\/\/www.peintredurail.com\/fr\/?post_type=product&#038;p=991"},"modified":"2025-12-06T14:38:52","modified_gmt":"2025-12-06T14:38:52","slug":"changement-a-vallorbe","status":"publish","type":"product","link":"https:\/\/www.peintredurail.com\/fr\/product\/changement-a-vallorbe\/","title":{"rendered":"Changement \u00e0 Vallorbe"},"content":{"rendered":"<p>Une 141R de la SNCF attend d\u2019\u00eatre d\u00e9tach\u00e9e, avec un fourgon postal fran\u00e7ais, d\u2019un express qui vient d\u2019arriver \u00e0 Vallorbe en Suisse. Le train a \u00e9t\u00e9 remorqu\u00e9 par la vapeur depuis Dole sur un tron\u00e7on non \u00e9lectrifi\u00e9, et sera emmen\u00e9 plus loin en Suisse par la locomotive \u00e9lectrique suisse \u00e0 gauche, avec son fourgon postal suisse.<\/p>\n","protected":false},"excerpt":{"rendered":"<p>Une 141R de la SNCF attend d\u2019\u00eatre d\u00e9tach\u00e9e, avec un fourgon postal fran\u00e7ais, d\u2019un express qui vient d\u2019arriver \u00e0 Vallorbe en Suisse. Le train a \u00e9t\u00e9 remorqu\u00e9 par la vapeur depuis Dole sur un tron\u00e7on non \u00e9lectrifi\u00e9, et sera emmen\u00e9 plus loin en Suisse par la locomotive \u00e9lectrique suisse \u00e0 gauche, avec son fourgon postal &hellip;<\/p>\n","protected":false},"featured_media":992,"template":"","meta":{"_acf_changed":false},"product_brand":[],"product_cat":[20,19],"product_tag":[],"class_list":{"0":"post-991","1":"product","2":"type-product","3":"status-publish","4":"has-post-thumbnail","6":"product_cat-gallery","7":"product_cat-not-for-sale","9":"first","10":"outofstock","11":"shipping-taxable","12":"product-type-simple"},"acf":[],"yoast_head":"<!-- This site is optimized with the Yoast SEO plugin v27.5 - https:\/\/yoast.com\/product\/yoast-seo-wordpress\/ -->\n<title>Changement \u00e0 Vallorbe<\/title>\n<meta name=\"robots\" content=\"index, follow, max-snippet:-1, max-image-preview:large, max-video-preview:-1\" \/>\n<link rel=\"canonical\" href=\"https:\/\/www.peintredurail.com\/fr\/product\/changement-a-vallorbe\/\" \/>\n<meta property=\"og:locale\" content=\"fr_FR\" \/>\n<meta property=\"og:locale:alternate\" content=\"en_GB\" \/>\n<meta property=\"og:type\" content=\"article\" \/>\n<meta property=\"og:title\" content=\"Changement \u00e0 Vallorbe\" \/>\n<meta property=\"og:description\" content=\"Une 141R de la SNCF attend d\u2019\u00eatre d\u00e9tach\u00e9e, avec un fourgon postal fran\u00e7ais, d\u2019un express qui vient d\u2019arriver \u00e0 Vallorbe en Suisse. Le train a \u00e9t\u00e9 remorqu\u00e9 par la vapeur depuis Dole sur un tron\u00e7on non \u00e9lectrifi\u00e9, et sera emmen\u00e9 plus loin en Suisse par la locomotive \u00e9lectrique suisse \u00e0 gauche, avec son fourgon postal &hellip;\" \/>\n<meta property=\"og:url\" content=\"https:\/\/www.peintredurail.com\/fr\/product\/changement-a-vallorbe\/\" \/>\n<meta property=\"og:site_name\" content=\"Peintre du Rail\" \/>\n<meta property=\"article:modified_time\" content=\"2025-12-06T14:38:52+00:00\" \/>\n<meta property=\"og:image\" content=\"https:\/\/www.peintredurail.com\/wp-content\/uploads\/2025\/12\/Change-over-at-Vallorbe-scaled.jpg\" \/>\n\t<meta property=\"og:image:width\" content=\"2560\" \/>\n\t<meta property=\"og:image:height\" content=\"1857\" \/>\n\t<meta property=\"og:image:type\" content=\"image\/jpeg\" \/>\n<meta name=\"twitter:card\" content=\"summary_large_image\" \/>\n<meta name=\"twitter:label1\" content=\"Est. reading time\" \/>\n\t<meta name=\"twitter:data1\" content=\"1 minute\" \/>\n<script type=\"application\/ld+json\" class=\"yoast-schema-graph\">{\"@context\":\"https:\\\/\\\/schema.org\",\"@graph\":[{\"@type\":\"WebPage\",\"@id\":\"https:\\\/\\\/www.peintredurail.com\\\/product\\\/changement-a-vallorbe\\\/\",\"url\":\"https:\\\/\\\/www.peintredurail.com\\\/product\\\/changement-a-vallorbe\\\/\",\"name\":\"Changement \u00e0 Vallorbe\",\"isPartOf\":{\"@id\":\"https:\\\/\\\/www.peintredurail.com\\\/fr\\\/#website\"},\"primaryImageOfPage\":{\"@id\":\"https:\\\/\\\/www.peintredurail.com\\\/product\\\/changement-a-vallorbe\\\/#primaryimage\"},\"image\":{\"@id\":\"https:\\\/\\\/www.peintredurail.com\\\/product\\\/changement-a-vallorbe\\\/#primaryimage\"},\"thumbnailUrl\":\"https:\\\/\\\/www.peintredurail.com\\\/wp-content\\\/uploads\\\/2025\\\/12\\\/Change-over-at-Vallorbe-scaled.jpg\",\"datePublished\":\"2025-12-06T14:22:03+00:00\",\"dateModified\":\"2025-12-06T14:38:52+00:00\",\"breadcrumb\":{\"@id\":\"https:\\\/\\\/www.peintredurail.com\\\/product\\\/changement-a-vallorbe\\\/#breadcrumb\"},\"inLanguage\":\"fr-FR\",\"potentialAction\":[{\"@type\":\"ReadAction\",\"target\":[\"https:\\\/\\\/www.peintredurail.com\\\/product\\\/changement-a-vallorbe\\\/\"]}]},{\"@type\":\"ImageObject\",\"inLanguage\":\"fr-FR\",\"@id\":\"https:\\\/\\\/www.peintredurail.com\\\/product\\\/changement-a-vallorbe\\\/#primaryimage\",\"url\":\"https:\\\/\\\/www.peintredurail.com\\\/wp-content\\\/uploads\\\/2025\\\/12\\\/Change-over-at-Vallorbe-scaled.jpg\",\"contentUrl\":\"https:\\\/\\\/www.peintredurail.com\\\/wp-content\\\/uploads\\\/2025\\\/12\\\/Change-over-at-Vallorbe-scaled.jpg\",\"width\":2560,\"height\":1857},{\"@type\":\"BreadcrumbList\",\"@id\":\"https:\\\/\\\/www.peintredurail.com\\\/product\\\/changement-a-vallorbe\\\/#breadcrumb\",\"itemListElement\":[{\"@type\":\"ListItem\",\"position\":1,\"name\":\"Home\",\"item\":\"https:\\\/\\\/www.peintredurail.com\\\/fr\\\/\"},{\"@type\":\"ListItem\",\"position\":2,\"name\":\"Acheter des tirages\",\"item\":\"https:\\\/\\\/www.peintredurail.com\\\/fr\\\/shop\\\/\"},{\"@type\":\"ListItem\",\"position\":3,\"name\":\"Change-over at Vallorbe\"}]},{\"@type\":\"WebSite\",\"@id\":\"https:\\\/\\\/www.peintredurail.com\\\/fr\\\/#website\",\"url\":\"https:\\\/\\\/www.peintredurail.com\\\/fr\\\/\",\"name\":\"Peintre du Rail\",\"description\":\"Chris Ludlow\",\"potentialAction\":[{\"@type\":\"SearchAction\",\"target\":{\"@type\":\"EntryPoint\",\"urlTemplate\":\"https:\\\/\\\/www.peintredurail.com\\\/fr\\\/?s={search_term_string}\"},\"query-input\":{\"@type\":\"PropertyValueSpecification\",\"valueRequired\":true,\"valueName\":\"search_term_string\"}}],\"inLanguage\":\"fr-FR\"}]}<\/script>\n<!-- \/ Yoast SEO plugin. -->","yoast_head_json":{"title":"Changement \u00e0 Vallorbe","robots":{"index":"index","follow":"follow","max-snippet":"max-snippet:-1","max-image-preview":"max-image-preview:large","max-video-preview":"max-video-preview:-1"},"canonical":"https:\/\/www.peintredurail.com\/fr\/product\/changement-a-vallorbe\/","og_locale":"fr_FR","og_type":"article","og_title":"[:en]Change-over at Vallorbe[:fr]Changement \u00e0 Vallorbe[:] - Peintre du Rail","og_description":"Une 141R de la SNCF attend d\u2019\u00eatre d\u00e9tach\u00e9e, avec un fourgon postal fran\u00e7ais, d\u2019un express qui vient d\u2019arriver \u00e0 Vallorbe en Suisse. Le train a \u00e9t\u00e9 remorqu\u00e9 par la vapeur depuis Dole sur un tron\u00e7on non \u00e9lectrifi\u00e9, et sera emmen\u00e9 plus loin en Suisse par la locomotive \u00e9lectrique suisse \u00e0 gauche, avec son fourgon postal &hellip;","og_url":"https:\/\/www.peintredurail.com\/fr\/product\/changement-a-vallorbe\/","og_site_name":"Peintre du Rail","article_modified_time":"2025-12-06T14:38:52+00:00","og_image":[{"width":2560,"height":1857,"url":"https:\/\/www.peintredurail.com\/wp-content\/uploads\/2025\/12\/Change-over-at-Vallorbe-scaled.jpg","type":"image\/jpeg"}],"twitter_card":"summary_large_image","twitter_misc":{"Est. reading time":"1 minute"},"schema":{"@context":"https:\/\/schema.org","@graph":[{"@type":"WebPage","@id":"https:\/\/www.peintredurail.com\/product\/changement-a-vallorbe\/","url":"https:\/\/www.peintredurail.com\/product\/changement-a-vallorbe\/","name":"Changement \u00e0 Vallorbe","isPartOf":{"@id":"https:\/\/www.peintredurail.com\/fr\/#website"},"primaryImageOfPage":{"@id":"https:\/\/www.peintredurail.com\/product\/changement-a-vallorbe\/#primaryimage"},"image":{"@id":"https:\/\/www.peintredurail.com\/product\/changement-a-vallorbe\/#primaryimage"},"thumbnailUrl":"https:\/\/www.peintredurail.com\/wp-content\/uploads\/2025\/12\/Change-over-at-Vallorbe-scaled.jpg","datePublished":"2025-12-06T14:22:03+00:00","dateModified":"2025-12-06T14:38:52+00:00","breadcrumb":{"@id":"https:\/\/www.peintredurail.com\/product\/changement-a-vallorbe\/#breadcrumb"},"inLanguage":"fr-FR","potentialAction":[{"@type":"ReadAction","target":["https:\/\/www.peintredurail.com\/product\/changement-a-vallorbe\/"]}]},{"@type":"ImageObject","inLanguage":"fr-FR","@id":"https:\/\/www.peintredurail.com\/product\/changement-a-vallorbe\/#primaryimage","url":"https:\/\/www.peintredurail.com\/wp-content\/uploads\/2025\/12\/Change-over-at-Vallorbe-scaled.jpg","contentUrl":"https:\/\/www.peintredurail.com\/wp-content\/uploads\/2025\/12\/Change-over-at-Vallorbe-scaled.jpg","width":2560,"height":1857},{"@type":"BreadcrumbList","@id":"https:\/\/www.peintredurail.com\/product\/changement-a-vallorbe\/#breadcrumb","itemListElement":[{"@type":"ListItem","position":1,"name":"Home","item":"https:\/\/www.peintredurail.com\/fr\/"},{"@type":"ListItem","position":2,"name":"Acheter des tirages","item":"https:\/\/www.peintredurail.com\/fr\/shop\/"},{"@type":"ListItem","position":3,"name":"Change-over at Vallorbe"}]},{"@type":"WebSite","@id":"https:\/\/www.peintredurail.com\/fr\/#website","url":"https:\/\/www.peintredurail.com\/fr\/","name":"Peintre du Rail","description":"Chris Ludlow","potentialAction":[{"@type":"SearchAction","target":{"@type":"EntryPoint","urlTemplate":"https:\/\/www.peintredurail.com\/fr\/?s={search_term_string}"},"query-input":{"@type":"PropertyValueSpecification","valueRequired":true,"valueName":"search_term_string"}}],"inLanguage":"fr-FR"}]}},"_links":{"self":[{"href":"https:\/\/www.peintredurail.com\/fr\/wp-json\/wp\/v2\/product\/991","targetHints":{"allow":["GET"]}}],"collection":[{"href":"https:\/\/www.peintredurail.com\/fr\/wp-json\/wp\/v2\/product"}],"about":[{"href":"https:\/\/www.peintredurail.com\/fr\/wp-json\/wp\/v2\/types\/product"}],"wp:featuredmedia":[{"embeddable":true,"href":"https:\/\/www.peintredurail.com\/fr\/wp-json\/wp\/v2\/media\/992"}],"wp:attachment":[{"href":"https:\/\/www.peintredurail.com\/fr\/wp-json\/wp\/v2\/media?parent=991"}],"wp:term":[{"taxonomy":"product_brand","embeddable":true,"href":"https:\/\/www.peintredurail.com\/fr\/wp-json\/wp\/v2\/product_brand?post=991"},{"taxonomy":"product_cat","embeddable":true,"href":"https:\/\/www.peintredurail.com\/fr\/wp-json\/wp\/v2\/product_cat?post=991"},{"taxonomy":"product_tag","embeddable":true,"href":"https:\/\/www.peintredurail.com\/fr\/wp-json\/wp\/v2\/product_tag?post=991"}],"curies":[{"name":"wp","href":"https:\/\/api.w.org\/{rel}","templated":true}]}}