{"id":989,"date":"2025-12-06T14:18:18","date_gmt":"2025-12-06T14:18:18","guid":{"rendered":"https:\/\/www.peintredurail.com\/?post_type=product&#038;p=989"},"modified":"2025-12-06T14:30:56","modified_gmt":"2025-12-06T14:30:56","slug":"power-restrained","status":"publish","type":"product","link":"https:\/\/www.peintredurail.com\/fr\/product\/power-restrained\/","title":{"rendered":"Puissance retenue"},"content":{"rendered":"<p>La deuxi\u00e8me s\u00e9rie des Pacifics reconstruite par Chapelon pour le chemin de fer Paris-Orl\u00e9ans \u00e9tait la plus puissante, d\u00e9passant les performances de la s\u00e9rie achet\u00e9e par le Chemin de Fer du Nord, et qui \u00e9taient sans doute mieux connues. Ici, le num\u00e9ro 231H729 attend un signal vert afin de lib\u00e9rer sa puissance dans la nuit. 231H \u00e9tait la classification de la SNCF pour ces locomotives.<\/p>\n","protected":false},"excerpt":{"rendered":"<p>La deuxi\u00e8me s\u00e9rie des Pacifics reconstruite par Chapelon pour le chemin de fer Paris-Orl\u00e9ans \u00e9tait la plus puissante, d\u00e9passant les performances de la s\u00e9rie achet\u00e9e par le Chemin de Fer du Nord, et qui \u00e9taient sans doute mieux connues. Ici, le num\u00e9ro 231H729 attend un signal vert afin de lib\u00e9rer sa puissance dans la nuit. &hellip;<\/p>\n","protected":false},"featured_media":990,"template":"","meta":{"_acf_changed":false},"product_brand":[],"product_cat":[20,16],"product_tag":[],"class_list":{"0":"post-989","1":"product","2":"type-product","3":"status-publish","4":"has-post-thumbnail","6":"product_cat-gallery","7":"product_cat-prints","9":"first","10":"instock","11":"shipping-taxable","12":"purchasable","13":"product-type-simple"},"acf":[],"yoast_head":"<!-- This site is optimized with the Yoast SEO plugin v27.6 - https:\/\/yoast.com\/product\/yoast-seo-wordpress\/ -->\n<title>Puissance retenue<\/title>\n<meta name=\"robots\" content=\"index, follow, max-snippet:-1, max-image-preview:large, max-video-preview:-1\" \/>\n<link rel=\"canonical\" href=\"https:\/\/www.peintredurail.com\/fr\/product\/power-restrained\/\" \/>\n<meta property=\"og:locale\" content=\"fr_FR\" \/>\n<meta property=\"og:locale:alternate\" content=\"en_GB\" \/>\n<meta property=\"og:type\" content=\"article\" \/>\n<meta property=\"og:title\" content=\"Puissance retenue\" \/>\n<meta property=\"og:description\" content=\"La deuxi\u00e8me s\u00e9rie des Pacifics reconstruite par Chapelon pour le chemin de fer Paris-Orl\u00e9ans \u00e9tait la plus puissante, d\u00e9passant les performances de la s\u00e9rie achet\u00e9e par le Chemin de Fer du Nord, et qui \u00e9taient sans doute mieux connues. Ici, le num\u00e9ro 231H729 attend un signal vert afin de lib\u00e9rer sa puissance dans la nuit. &hellip;\" \/>\n<meta property=\"og:url\" content=\"https:\/\/www.peintredurail.com\/fr\/product\/power-restrained\/\" \/>\n<meta property=\"og:site_name\" content=\"Peintre du Rail\" \/>\n<meta property=\"article:modified_time\" content=\"2025-12-06T14:30:56+00:00\" \/>\n<meta property=\"og:image\" content=\"https:\/\/www.peintredurail.com\/wp-content\/uploads\/2025\/12\/power-restrained-scaled.jpeg\" \/>\n\t<meta property=\"og:image:width\" content=\"2560\" \/>\n\t<meta property=\"og:image:height\" content=\"1969\" \/>\n\t<meta property=\"og:image:type\" content=\"image\/jpeg\" \/>\n<meta name=\"twitter:card\" content=\"summary_large_image\" \/>\n<meta name=\"twitter:label1\" content=\"Est. reading time\" \/>\n\t<meta name=\"twitter:data1\" content=\"1 minute\" \/>\n<script type=\"application\/ld+json\" class=\"yoast-schema-graph\">{\"@context\":\"https:\\\/\\\/schema.org\",\"@graph\":[{\"@type\":\"WebPage\",\"@id\":\"https:\\\/\\\/www.peintredurail.com\\\/fr\\\/product\\\/power-restrained\\\/\",\"url\":\"https:\\\/\\\/www.peintredurail.com\\\/fr\\\/product\\\/power-restrained\\\/\",\"name\":\"Puissance retenue\",\"isPartOf\":{\"@id\":\"https:\\\/\\\/www.peintredurail.com\\\/fr\\\/#website\"},\"primaryImageOfPage\":{\"@id\":\"https:\\\/\\\/www.peintredurail.com\\\/fr\\\/product\\\/power-restrained\\\/#primaryimage\"},\"image\":{\"@id\":\"https:\\\/\\\/www.peintredurail.com\\\/fr\\\/product\\\/power-restrained\\\/#primaryimage\"},\"thumbnailUrl\":\"https:\\\/\\\/www.peintredurail.com\\\/wp-content\\\/uploads\\\/2025\\\/12\\\/power-restrained-scaled.jpeg\",\"datePublished\":\"2025-12-06T14:18:18+00:00\",\"dateModified\":\"2025-12-06T14:30:56+00:00\",\"breadcrumb\":{\"@id\":\"https:\\\/\\\/www.peintredurail.com\\\/fr\\\/product\\\/power-restrained\\\/#breadcrumb\"},\"inLanguage\":\"fr-FR\",\"potentialAction\":[{\"@type\":\"ReadAction\",\"target\":[\"https:\\\/\\\/www.peintredurail.com\\\/fr\\\/product\\\/power-restrained\\\/\"]}]},{\"@type\":\"ImageObject\",\"inLanguage\":\"fr-FR\",\"@id\":\"https:\\\/\\\/www.peintredurail.com\\\/fr\\\/product\\\/power-restrained\\\/#primaryimage\",\"url\":\"https:\\\/\\\/www.peintredurail.com\\\/wp-content\\\/uploads\\\/2025\\\/12\\\/power-restrained-scaled.jpeg\",\"contentUrl\":\"https:\\\/\\\/www.peintredurail.com\\\/wp-content\\\/uploads\\\/2025\\\/12\\\/power-restrained-scaled.jpeg\",\"width\":2560,\"height\":1969},{\"@type\":\"BreadcrumbList\",\"@id\":\"https:\\\/\\\/www.peintredurail.com\\\/fr\\\/product\\\/power-restrained\\\/#breadcrumb\",\"itemListElement\":[{\"@type\":\"ListItem\",\"position\":1,\"name\":\"Home\",\"item\":\"https:\\\/\\\/www.peintredurail.com\\\/fr\\\/\"},{\"@type\":\"ListItem\",\"position\":2,\"name\":\"Acheter des tirages\",\"item\":\"https:\\\/\\\/www.peintredurail.com\\\/fr\\\/shop\\\/\"},{\"@type\":\"ListItem\",\"position\":3,\"name\":\"Puissance retenue\"}]},{\"@type\":\"WebSite\",\"@id\":\"https:\\\/\\\/www.peintredurail.com\\\/fr\\\/#website\",\"url\":\"https:\\\/\\\/www.peintredurail.com\\\/fr\\\/\",\"name\":\"Peintre du Rail\",\"description\":\"Chris Ludlow\",\"potentialAction\":[{\"@type\":\"SearchAction\",\"target\":{\"@type\":\"EntryPoint\",\"urlTemplate\":\"https:\\\/\\\/www.peintredurail.com\\\/fr\\\/?s={search_term_string}\"},\"query-input\":{\"@type\":\"PropertyValueSpecification\",\"valueRequired\":true,\"valueName\":\"search_term_string\"}}],\"inLanguage\":\"fr-FR\"}]}<\/script>\n<!-- \/ Yoast SEO plugin. -->","yoast_head_json":{"title":"Puissance retenue","robots":{"index":"index","follow":"follow","max-snippet":"max-snippet:-1","max-image-preview":"max-image-preview:large","max-video-preview":"max-video-preview:-1"},"canonical":"https:\/\/www.peintredurail.com\/fr\/product\/power-restrained\/","og_locale":"fr_FR","og_type":"article","og_title":"[:en]Power restrained[:fr]Puissance retenue[:] - Peintre du Rail","og_description":"La deuxi\u00e8me s\u00e9rie des Pacifics reconstruite par Chapelon pour le chemin de fer Paris-Orl\u00e9ans \u00e9tait la plus puissante, d\u00e9passant les performances de la s\u00e9rie achet\u00e9e par le Chemin de Fer du Nord, et qui \u00e9taient sans doute mieux connues. Ici, le num\u00e9ro 231H729 attend un signal vert afin de lib\u00e9rer sa puissance dans la nuit. &hellip;","og_url":"https:\/\/www.peintredurail.com\/fr\/product\/power-restrained\/","og_site_name":"Peintre du Rail","article_modified_time":"2025-12-06T14:30:56+00:00","og_image":[{"width":2560,"height":1969,"url":"https:\/\/www.peintredurail.com\/wp-content\/uploads\/2025\/12\/power-restrained-scaled.jpeg","type":"image\/jpeg"}],"twitter_card":"summary_large_image","twitter_misc":{"Est. reading time":"1 minute"},"schema":{"@context":"https:\/\/schema.org","@graph":[{"@type":"WebPage","@id":"https:\/\/www.peintredurail.com\/fr\/product\/power-restrained\/","url":"https:\/\/www.peintredurail.com\/fr\/product\/power-restrained\/","name":"Puissance retenue","isPartOf":{"@id":"https:\/\/www.peintredurail.com\/fr\/#website"},"primaryImageOfPage":{"@id":"https:\/\/www.peintredurail.com\/fr\/product\/power-restrained\/#primaryimage"},"image":{"@id":"https:\/\/www.peintredurail.com\/fr\/product\/power-restrained\/#primaryimage"},"thumbnailUrl":"https:\/\/www.peintredurail.com\/wp-content\/uploads\/2025\/12\/power-restrained-scaled.jpeg","datePublished":"2025-12-06T14:18:18+00:00","dateModified":"2025-12-06T14:30:56+00:00","breadcrumb":{"@id":"https:\/\/www.peintredurail.com\/fr\/product\/power-restrained\/#breadcrumb"},"inLanguage":"fr-FR","potentialAction":[{"@type":"ReadAction","target":["https:\/\/www.peintredurail.com\/fr\/product\/power-restrained\/"]}]},{"@type":"ImageObject","inLanguage":"fr-FR","@id":"https:\/\/www.peintredurail.com\/fr\/product\/power-restrained\/#primaryimage","url":"https:\/\/www.peintredurail.com\/wp-content\/uploads\/2025\/12\/power-restrained-scaled.jpeg","contentUrl":"https:\/\/www.peintredurail.com\/wp-content\/uploads\/2025\/12\/power-restrained-scaled.jpeg","width":2560,"height":1969},{"@type":"BreadcrumbList","@id":"https:\/\/www.peintredurail.com\/fr\/product\/power-restrained\/#breadcrumb","itemListElement":[{"@type":"ListItem","position":1,"name":"Home","item":"https:\/\/www.peintredurail.com\/fr\/"},{"@type":"ListItem","position":2,"name":"Acheter des tirages","item":"https:\/\/www.peintredurail.com\/fr\/shop\/"},{"@type":"ListItem","position":3,"name":"Puissance retenue"}]},{"@type":"WebSite","@id":"https:\/\/www.peintredurail.com\/fr\/#website","url":"https:\/\/www.peintredurail.com\/fr\/","name":"Peintre du Rail","description":"Chris Ludlow","potentialAction":[{"@type":"SearchAction","target":{"@type":"EntryPoint","urlTemplate":"https:\/\/www.peintredurail.com\/fr\/?s={search_term_string}"},"query-input":{"@type":"PropertyValueSpecification","valueRequired":true,"valueName":"search_term_string"}}],"inLanguage":"fr-FR"}]}},"_links":{"self":[{"href":"https:\/\/www.peintredurail.com\/fr\/wp-json\/wp\/v2\/product\/989","targetHints":{"allow":["GET"]}}],"collection":[{"href":"https:\/\/www.peintredurail.com\/fr\/wp-json\/wp\/v2\/product"}],"about":[{"href":"https:\/\/www.peintredurail.com\/fr\/wp-json\/wp\/v2\/types\/product"}],"wp:featuredmedia":[{"embeddable":true,"href":"https:\/\/www.peintredurail.com\/fr\/wp-json\/wp\/v2\/media\/990"}],"wp:attachment":[{"href":"https:\/\/www.peintredurail.com\/fr\/wp-json\/wp\/v2\/media?parent=989"}],"wp:term":[{"taxonomy":"product_brand","embeddable":true,"href":"https:\/\/www.peintredurail.com\/fr\/wp-json\/wp\/v2\/product_brand?post=989"},{"taxonomy":"product_cat","embeddable":true,"href":"https:\/\/www.peintredurail.com\/fr\/wp-json\/wp\/v2\/product_cat?post=989"},{"taxonomy":"product_tag","embeddable":true,"href":"https:\/\/www.peintredurail.com\/fr\/wp-json\/wp\/v2\/product_tag?post=989"}],"curies":[{"name":"wp","href":"https:\/\/api.w.org\/{rel}","templated":true}]}}