{"id":555,"date":"2022-07-12T19:10:29","date_gmt":"2022-07-12T19:10:29","guid":{"rendered":"https:\/\/www.peintredurail.com\/?post_type=product&#038;p=555"},"modified":"2022-07-13T12:12:37","modified_gmt":"2022-07-13T12:12:37","slug":"an-r-in-the-south-2","status":"publish","type":"product","link":"https:\/\/www.peintredurail.com\/fr\/product\/an-r-in-the-south-2\/","title":{"rendered":"Une &#8220;R&#8221; dans le sud"},"content":{"rendered":"<p>La classe 141R, de construction am\u00e9ricaine, a \u00e9t\u00e9 import\u00e9e en France apr\u00e8s la seconde guerre mondiale pour aider au redressement du pays. De construction simple et robuste, elle a surv\u00e9cu \u00e0 la plupart des classes autochtones. Sur certaines lignes, notamment le long de la C\u00f4te d&#8217;Azur entre Marseille et Nice, ces locomotives jouissaient d&#8217;un quasi-monopole, la plupart \u00e9tant aliment\u00e9es au fioul, ce qui r\u00e9duisait les risques d&#8217;incendies de for\u00eat.<\/p>\n","protected":false},"excerpt":{"rendered":"<p>La classe 141R, de construction am\u00e9ricaine, a \u00e9t\u00e9 import\u00e9e en France apr\u00e8s la seconde guerre mondiale pour aider au redressement du pays. De construction simple et robuste, elle a surv\u00e9cu \u00e0 la plupart des classes autochtones. Sur certaines lignes, notamment le long de la C\u00f4te d&#8217;Azur entre Marseille et Nice, ces locomotives jouissaient d&#8217;un quasi-monopole, &hellip;<\/p>\n","protected":false},"featured_media":556,"template":"","meta":{"_acf_changed":false},"product_brand":[],"product_cat":[20,19],"product_tag":[],"class_list":{"0":"post-555","1":"product","2":"type-product","3":"status-publish","4":"has-post-thumbnail","6":"product_cat-gallery","7":"product_cat-not-for-sale","9":"first","10":"outofstock","11":"shipping-taxable","12":"product-type-simple"},"acf":[],"yoast_head":"<!-- This site is optimized with the Yoast SEO plugin v27.5 - https:\/\/yoast.com\/product\/yoast-seo-wordpress\/ -->\n<title>Une &quot;R&quot; dans le sud<\/title>\n<meta name=\"robots\" content=\"index, follow, max-snippet:-1, max-image-preview:large, max-video-preview:-1\" \/>\n<link rel=\"canonical\" href=\"https:\/\/www.peintredurail.com\/fr\/product\/an-r-in-the-south-2\/\" \/>\n<meta property=\"og:locale\" content=\"fr_FR\" \/>\n<meta property=\"og:locale:alternate\" content=\"en_GB\" \/>\n<meta property=\"og:type\" content=\"article\" \/>\n<meta property=\"og:title\" content=\"Une &quot;R&quot; dans le sud\" \/>\n<meta property=\"og:description\" content=\"La classe 141R, de construction am\u00e9ricaine, a \u00e9t\u00e9 import\u00e9e en France apr\u00e8s la seconde guerre mondiale pour aider au redressement du pays. De construction simple et robuste, elle a surv\u00e9cu \u00e0 la plupart des classes autochtones. Sur certaines lignes, notamment le long de la C\u00f4te d&#8217;Azur entre Marseille et Nice, ces locomotives jouissaient d&#8217;un quasi-monopole, &hellip;\" \/>\n<meta property=\"og:url\" content=\"https:\/\/www.peintredurail.com\/fr\/product\/an-r-in-the-south-2\/\" \/>\n<meta property=\"og:site_name\" content=\"Peintre du Rail\" \/>\n<meta property=\"article:modified_time\" content=\"2022-07-13T12:12:37+00:00\" \/>\n<meta property=\"og:image\" content=\"https:\/\/www.peintredurail.com\/wp-content\/uploads\/2022\/07\/AnRInTheSouth.jpg\" \/>\n\t<meta property=\"og:image:width\" content=\"1280\" \/>\n\t<meta property=\"og:image:height\" content=\"914\" \/>\n\t<meta property=\"og:image:type\" content=\"image\/jpeg\" \/>\n<meta name=\"twitter:card\" content=\"summary_large_image\" \/>\n<meta name=\"twitter:label1\" content=\"Est. reading time\" \/>\n\t<meta name=\"twitter:data1\" content=\"1 minute\" \/>\n<script type=\"application\/ld+json\" class=\"yoast-schema-graph\">{\"@context\":\"https:\\\/\\\/schema.org\",\"@graph\":[{\"@type\":\"WebPage\",\"@id\":\"https:\\\/\\\/www.peintredurail.com\\\/product\\\/an-r-in-the-south-2\\\/\",\"url\":\"https:\\\/\\\/www.peintredurail.com\\\/product\\\/an-r-in-the-south-2\\\/\",\"name\":\"Une \\\"R\\\" dans le sud\",\"isPartOf\":{\"@id\":\"https:\\\/\\\/www.peintredurail.com\\\/fr\\\/#website\"},\"primaryImageOfPage\":{\"@id\":\"https:\\\/\\\/www.peintredurail.com\\\/product\\\/an-r-in-the-south-2\\\/#primaryimage\"},\"image\":{\"@id\":\"https:\\\/\\\/www.peintredurail.com\\\/product\\\/an-r-in-the-south-2\\\/#primaryimage\"},\"thumbnailUrl\":\"https:\\\/\\\/www.peintredurail.com\\\/wp-content\\\/uploads\\\/2022\\\/07\\\/AnRInTheSouth.jpg\",\"datePublished\":\"2022-07-12T19:10:29+00:00\",\"dateModified\":\"2022-07-13T12:12:37+00:00\",\"breadcrumb\":{\"@id\":\"https:\\\/\\\/www.peintredurail.com\\\/product\\\/an-r-in-the-south-2\\\/#breadcrumb\"},\"inLanguage\":\"fr-FR\",\"potentialAction\":[{\"@type\":\"ReadAction\",\"target\":[\"https:\\\/\\\/www.peintredurail.com\\\/product\\\/an-r-in-the-south-2\\\/\"]}]},{\"@type\":\"ImageObject\",\"inLanguage\":\"fr-FR\",\"@id\":\"https:\\\/\\\/www.peintredurail.com\\\/product\\\/an-r-in-the-south-2\\\/#primaryimage\",\"url\":\"https:\\\/\\\/www.peintredurail.com\\\/wp-content\\\/uploads\\\/2022\\\/07\\\/AnRInTheSouth.jpg\",\"contentUrl\":\"https:\\\/\\\/www.peintredurail.com\\\/wp-content\\\/uploads\\\/2022\\\/07\\\/AnRInTheSouth.jpg\",\"width\":1280,\"height\":914},{\"@type\":\"BreadcrumbList\",\"@id\":\"https:\\\/\\\/www.peintredurail.com\\\/product\\\/an-r-in-the-south-2\\\/#breadcrumb\",\"itemListElement\":[{\"@type\":\"ListItem\",\"position\":1,\"name\":\"Home\",\"item\":\"https:\\\/\\\/www.peintredurail.com\\\/fr\\\/\"},{\"@type\":\"ListItem\",\"position\":2,\"name\":\"Acheter des tirages\",\"item\":\"https:\\\/\\\/www.peintredurail.com\\\/fr\\\/shop\\\/\"},{\"@type\":\"ListItem\",\"position\":3,\"name\":\"An \u201dR\u201d in the south\"}]},{\"@type\":\"WebSite\",\"@id\":\"https:\\\/\\\/www.peintredurail.com\\\/fr\\\/#website\",\"url\":\"https:\\\/\\\/www.peintredurail.com\\\/fr\\\/\",\"name\":\"Peintre du Rail\",\"description\":\"Chris Ludlow\",\"potentialAction\":[{\"@type\":\"SearchAction\",\"target\":{\"@type\":\"EntryPoint\",\"urlTemplate\":\"https:\\\/\\\/www.peintredurail.com\\\/fr\\\/?s={search_term_string}\"},\"query-input\":{\"@type\":\"PropertyValueSpecification\",\"valueRequired\":true,\"valueName\":\"search_term_string\"}}],\"inLanguage\":\"fr-FR\"}]}<\/script>\n<!-- \/ Yoast SEO plugin. -->","yoast_head_json":{"title":"Une \"R\" dans le sud","robots":{"index":"index","follow":"follow","max-snippet":"max-snippet:-1","max-image-preview":"max-image-preview:large","max-video-preview":"max-video-preview:-1"},"canonical":"https:\/\/www.peintredurail.com\/fr\/product\/an-r-in-the-south-2\/","og_locale":"fr_FR","og_type":"article","og_title":"[:en]An \u201dR\u201d in the south[:fr]Une \"R\" dans le sud[:] - Peintre du Rail","og_description":"La classe 141R, de construction am\u00e9ricaine, a \u00e9t\u00e9 import\u00e9e en France apr\u00e8s la seconde guerre mondiale pour aider au redressement du pays. De construction simple et robuste, elle a surv\u00e9cu \u00e0 la plupart des classes autochtones. Sur certaines lignes, notamment le long de la C\u00f4te d&#8217;Azur entre Marseille et Nice, ces locomotives jouissaient d&#8217;un quasi-monopole, &hellip;","og_url":"https:\/\/www.peintredurail.com\/fr\/product\/an-r-in-the-south-2\/","og_site_name":"Peintre du Rail","article_modified_time":"2022-07-13T12:12:37+00:00","og_image":[{"width":1280,"height":914,"url":"https:\/\/www.peintredurail.com\/wp-content\/uploads\/2022\/07\/AnRInTheSouth.jpg","type":"image\/jpeg"}],"twitter_card":"summary_large_image","twitter_misc":{"Est. reading time":"1 minute"},"schema":{"@context":"https:\/\/schema.org","@graph":[{"@type":"WebPage","@id":"https:\/\/www.peintredurail.com\/product\/an-r-in-the-south-2\/","url":"https:\/\/www.peintredurail.com\/product\/an-r-in-the-south-2\/","name":"Une \"R\" dans le sud","isPartOf":{"@id":"https:\/\/www.peintredurail.com\/fr\/#website"},"primaryImageOfPage":{"@id":"https:\/\/www.peintredurail.com\/product\/an-r-in-the-south-2\/#primaryimage"},"image":{"@id":"https:\/\/www.peintredurail.com\/product\/an-r-in-the-south-2\/#primaryimage"},"thumbnailUrl":"https:\/\/www.peintredurail.com\/wp-content\/uploads\/2022\/07\/AnRInTheSouth.jpg","datePublished":"2022-07-12T19:10:29+00:00","dateModified":"2022-07-13T12:12:37+00:00","breadcrumb":{"@id":"https:\/\/www.peintredurail.com\/product\/an-r-in-the-south-2\/#breadcrumb"},"inLanguage":"fr-FR","potentialAction":[{"@type":"ReadAction","target":["https:\/\/www.peintredurail.com\/product\/an-r-in-the-south-2\/"]}]},{"@type":"ImageObject","inLanguage":"fr-FR","@id":"https:\/\/www.peintredurail.com\/product\/an-r-in-the-south-2\/#primaryimage","url":"https:\/\/www.peintredurail.com\/wp-content\/uploads\/2022\/07\/AnRInTheSouth.jpg","contentUrl":"https:\/\/www.peintredurail.com\/wp-content\/uploads\/2022\/07\/AnRInTheSouth.jpg","width":1280,"height":914},{"@type":"BreadcrumbList","@id":"https:\/\/www.peintredurail.com\/product\/an-r-in-the-south-2\/#breadcrumb","itemListElement":[{"@type":"ListItem","position":1,"name":"Home","item":"https:\/\/www.peintredurail.com\/fr\/"},{"@type":"ListItem","position":2,"name":"Acheter des tirages","item":"https:\/\/www.peintredurail.com\/fr\/shop\/"},{"@type":"ListItem","position":3,"name":"An \u201dR\u201d in the south"}]},{"@type":"WebSite","@id":"https:\/\/www.peintredurail.com\/fr\/#website","url":"https:\/\/www.peintredurail.com\/fr\/","name":"Peintre du Rail","description":"Chris Ludlow","potentialAction":[{"@type":"SearchAction","target":{"@type":"EntryPoint","urlTemplate":"https:\/\/www.peintredurail.com\/fr\/?s={search_term_string}"},"query-input":{"@type":"PropertyValueSpecification","valueRequired":true,"valueName":"search_term_string"}}],"inLanguage":"fr-FR"}]}},"_links":{"self":[{"href":"https:\/\/www.peintredurail.com\/fr\/wp-json\/wp\/v2\/product\/555","targetHints":{"allow":["GET"]}}],"collection":[{"href":"https:\/\/www.peintredurail.com\/fr\/wp-json\/wp\/v2\/product"}],"about":[{"href":"https:\/\/www.peintredurail.com\/fr\/wp-json\/wp\/v2\/types\/product"}],"wp:featuredmedia":[{"embeddable":true,"href":"https:\/\/www.peintredurail.com\/fr\/wp-json\/wp\/v2\/media\/556"}],"wp:attachment":[{"href":"https:\/\/www.peintredurail.com\/fr\/wp-json\/wp\/v2\/media?parent=555"}],"wp:term":[{"taxonomy":"product_brand","embeddable":true,"href":"https:\/\/www.peintredurail.com\/fr\/wp-json\/wp\/v2\/product_brand?post=555"},{"taxonomy":"product_cat","embeddable":true,"href":"https:\/\/www.peintredurail.com\/fr\/wp-json\/wp\/v2\/product_cat?post=555"},{"taxonomy":"product_tag","embeddable":true,"href":"https:\/\/www.peintredurail.com\/fr\/wp-json\/wp\/v2\/product_tag?post=555"}],"curies":[{"name":"wp","href":"https:\/\/api.w.org\/{rel}","templated":true}]}}