{"id":492,"date":"2020-08-10T18:04:34","date_gmt":"2020-08-10T18:04:34","guid":{"rendered":"https:\/\/www.peintredurail.com\/?post_type=product&#038;p=492"},"modified":"2021-03-18T14:14:01","modified_gmt":"2021-03-18T14:14:01","slug":"arrival-of-the-cinema","status":"publish","type":"product","link":"https:\/\/www.peintredurail.com\/fr\/product\/arrival-of-the-cinema\/","title":{"rendered":"Arriv\u00e9e du cinema"},"content":{"rendered":"<p>Le court-m\u00e9trage &#8220;Arriv\u00e9e d&#8217;un train en gare de La Ciotat&#8221; est une production c\u00e9l\u00e8bre des fr\u00e8res Lumi\u00e8re, pionniers du cin\u00e9ma. Dans le film, on ne voit pas les fr\u00e8res, mais les voici, deux jeunes hommes, qui capturent la sc\u00e8ne, mais probablement pas vraiment conscients de l&#8217;importance de ce qu&#8217;ils faisaient.<\/p>\n","protected":false},"excerpt":{"rendered":"<div class=\"info\">\n<p class=\"sizes\">Huile sur toile 81 x 54 cm<\/p>\n<\/div>\n","protected":false},"featured_media":493,"template":"","meta":{"_acf_changed":false},"product_brand":[],"product_cat":[19],"product_tag":[],"class_list":{"0":"post-492","1":"product","2":"type-product","3":"status-publish","4":"has-post-thumbnail","6":"product_cat-not-for-sale","8":"first","9":"outofstock","10":"shipping-taxable","11":"purchasable","12":"product-type-simple"},"acf":[],"yoast_head":"<!-- This site is optimized with the Yoast SEO plugin v27.5 - https:\/\/yoast.com\/product\/yoast-seo-wordpress\/ -->\n<title>Arriv\u00e9e du cinema<\/title>\n<meta name=\"robots\" content=\"index, follow, max-snippet:-1, max-image-preview:large, max-video-preview:-1\" \/>\n<link rel=\"canonical\" href=\"https:\/\/www.peintredurail.com\/fr\/product\/arrival-of-the-cinema\/\" \/>\n<meta property=\"og:locale\" content=\"fr_FR\" \/>\n<meta property=\"og:locale:alternate\" content=\"en_GB\" \/>\n<meta property=\"og:type\" content=\"article\" \/>\n<meta property=\"og:title\" content=\"Arriv\u00e9e du cinema\" \/>\n<meta property=\"og:description\" content=\"Huile sur toile 81 x 54 cm\" \/>\n<meta property=\"og:url\" content=\"https:\/\/www.peintredurail.com\/fr\/product\/arrival-of-the-cinema\/\" \/>\n<meta property=\"og:site_name\" content=\"Peintre du Rail\" \/>\n<meta property=\"article:modified_time\" content=\"2021-03-18T14:14:01+00:00\" \/>\n<meta property=\"og:image\" content=\"https:\/\/www.peintredurail.com\/wp-content\/uploads\/2020\/08\/IMG_3997.jpeg\" \/>\n\t<meta property=\"og:image:width\" content=\"1280\" \/>\n\t<meta property=\"og:image:height\" content=\"902\" \/>\n\t<meta property=\"og:image:type\" content=\"image\/jpeg\" \/>\n<meta name=\"twitter:card\" content=\"summary_large_image\" \/>\n<meta name=\"twitter:label1\" content=\"Est. reading time\" \/>\n\t<meta name=\"twitter:data1\" content=\"1 minute\" \/>\n<script type=\"application\/ld+json\" class=\"yoast-schema-graph\">{\"@context\":\"https:\\\/\\\/schema.org\",\"@graph\":[{\"@type\":\"WebPage\",\"@id\":\"https:\\\/\\\/www.peintredurail.com\\\/product\\\/arrival-of-the-cinema\\\/\",\"url\":\"https:\\\/\\\/www.peintredurail.com\\\/product\\\/arrival-of-the-cinema\\\/\",\"name\":\"Arriv\u00e9e du cinema\",\"isPartOf\":{\"@id\":\"https:\\\/\\\/www.peintredurail.com\\\/fr\\\/#website\"},\"primaryImageOfPage\":{\"@id\":\"https:\\\/\\\/www.peintredurail.com\\\/product\\\/arrival-of-the-cinema\\\/#primaryimage\"},\"image\":{\"@id\":\"https:\\\/\\\/www.peintredurail.com\\\/product\\\/arrival-of-the-cinema\\\/#primaryimage\"},\"thumbnailUrl\":\"https:\\\/\\\/www.peintredurail.com\\\/wp-content\\\/uploads\\\/2020\\\/08\\\/IMG_3997.jpeg\",\"datePublished\":\"2020-08-10T18:04:34+00:00\",\"dateModified\":\"2021-03-18T14:14:01+00:00\",\"breadcrumb\":{\"@id\":\"https:\\\/\\\/www.peintredurail.com\\\/product\\\/arrival-of-the-cinema\\\/#breadcrumb\"},\"inLanguage\":\"fr-FR\",\"potentialAction\":[{\"@type\":\"ReadAction\",\"target\":[\"https:\\\/\\\/www.peintredurail.com\\\/product\\\/arrival-of-the-cinema\\\/\"]}]},{\"@type\":\"ImageObject\",\"inLanguage\":\"fr-FR\",\"@id\":\"https:\\\/\\\/www.peintredurail.com\\\/product\\\/arrival-of-the-cinema\\\/#primaryimage\",\"url\":\"https:\\\/\\\/www.peintredurail.com\\\/wp-content\\\/uploads\\\/2020\\\/08\\\/IMG_3997.jpeg\",\"contentUrl\":\"https:\\\/\\\/www.peintredurail.com\\\/wp-content\\\/uploads\\\/2020\\\/08\\\/IMG_3997.jpeg\",\"width\":1280,\"height\":902},{\"@type\":\"BreadcrumbList\",\"@id\":\"https:\\\/\\\/www.peintredurail.com\\\/product\\\/arrival-of-the-cinema\\\/#breadcrumb\",\"itemListElement\":[{\"@type\":\"ListItem\",\"position\":1,\"name\":\"Home\",\"item\":\"https:\\\/\\\/www.peintredurail.com\\\/fr\\\/\"},{\"@type\":\"ListItem\",\"position\":2,\"name\":\"Acheter des tirages\",\"item\":\"https:\\\/\\\/www.peintredurail.com\\\/fr\\\/shop\\\/\"},{\"@type\":\"ListItem\",\"position\":3,\"name\":\"Arrival of the cinema\"}]},{\"@type\":\"WebSite\",\"@id\":\"https:\\\/\\\/www.peintredurail.com\\\/fr\\\/#website\",\"url\":\"https:\\\/\\\/www.peintredurail.com\\\/fr\\\/\",\"name\":\"Peintre du Rail\",\"description\":\"Chris Ludlow\",\"potentialAction\":[{\"@type\":\"SearchAction\",\"target\":{\"@type\":\"EntryPoint\",\"urlTemplate\":\"https:\\\/\\\/www.peintredurail.com\\\/fr\\\/?s={search_term_string}\"},\"query-input\":{\"@type\":\"PropertyValueSpecification\",\"valueRequired\":true,\"valueName\":\"search_term_string\"}}],\"inLanguage\":\"fr-FR\"}]}<\/script>\n<!-- \/ Yoast SEO plugin. -->","yoast_head_json":{"title":"Arriv\u00e9e du cinema","robots":{"index":"index","follow":"follow","max-snippet":"max-snippet:-1","max-image-preview":"max-image-preview:large","max-video-preview":"max-video-preview:-1"},"canonical":"https:\/\/www.peintredurail.com\/fr\/product\/arrival-of-the-cinema\/","og_locale":"fr_FR","og_type":"article","og_title":"[:en]Arrival of the cinema[:fr]Arriv\u00e9e du cinema[:] - Peintre du Rail","og_description":"Huile sur toile 81 x 54 cm","og_url":"https:\/\/www.peintredurail.com\/fr\/product\/arrival-of-the-cinema\/","og_site_name":"Peintre du Rail","article_modified_time":"2021-03-18T14:14:01+00:00","og_image":[{"width":1280,"height":902,"url":"https:\/\/www.peintredurail.com\/wp-content\/uploads\/2020\/08\/IMG_3997.jpeg","type":"image\/jpeg"}],"twitter_card":"summary_large_image","twitter_misc":{"Est. reading time":"1 minute"},"schema":{"@context":"https:\/\/schema.org","@graph":[{"@type":"WebPage","@id":"https:\/\/www.peintredurail.com\/product\/arrival-of-the-cinema\/","url":"https:\/\/www.peintredurail.com\/product\/arrival-of-the-cinema\/","name":"Arriv\u00e9e du cinema","isPartOf":{"@id":"https:\/\/www.peintredurail.com\/fr\/#website"},"primaryImageOfPage":{"@id":"https:\/\/www.peintredurail.com\/product\/arrival-of-the-cinema\/#primaryimage"},"image":{"@id":"https:\/\/www.peintredurail.com\/product\/arrival-of-the-cinema\/#primaryimage"},"thumbnailUrl":"https:\/\/www.peintredurail.com\/wp-content\/uploads\/2020\/08\/IMG_3997.jpeg","datePublished":"2020-08-10T18:04:34+00:00","dateModified":"2021-03-18T14:14:01+00:00","breadcrumb":{"@id":"https:\/\/www.peintredurail.com\/product\/arrival-of-the-cinema\/#breadcrumb"},"inLanguage":"fr-FR","potentialAction":[{"@type":"ReadAction","target":["https:\/\/www.peintredurail.com\/product\/arrival-of-the-cinema\/"]}]},{"@type":"ImageObject","inLanguage":"fr-FR","@id":"https:\/\/www.peintredurail.com\/product\/arrival-of-the-cinema\/#primaryimage","url":"https:\/\/www.peintredurail.com\/wp-content\/uploads\/2020\/08\/IMG_3997.jpeg","contentUrl":"https:\/\/www.peintredurail.com\/wp-content\/uploads\/2020\/08\/IMG_3997.jpeg","width":1280,"height":902},{"@type":"BreadcrumbList","@id":"https:\/\/www.peintredurail.com\/product\/arrival-of-the-cinema\/#breadcrumb","itemListElement":[{"@type":"ListItem","position":1,"name":"Home","item":"https:\/\/www.peintredurail.com\/fr\/"},{"@type":"ListItem","position":2,"name":"Acheter des tirages","item":"https:\/\/www.peintredurail.com\/fr\/shop\/"},{"@type":"ListItem","position":3,"name":"Arrival of the cinema"}]},{"@type":"WebSite","@id":"https:\/\/www.peintredurail.com\/fr\/#website","url":"https:\/\/www.peintredurail.com\/fr\/","name":"Peintre du Rail","description":"Chris Ludlow","potentialAction":[{"@type":"SearchAction","target":{"@type":"EntryPoint","urlTemplate":"https:\/\/www.peintredurail.com\/fr\/?s={search_term_string}"},"query-input":{"@type":"PropertyValueSpecification","valueRequired":true,"valueName":"search_term_string"}}],"inLanguage":"fr-FR"}]}},"_links":{"self":[{"href":"https:\/\/www.peintredurail.com\/fr\/wp-json\/wp\/v2\/product\/492","targetHints":{"allow":["GET"]}}],"collection":[{"href":"https:\/\/www.peintredurail.com\/fr\/wp-json\/wp\/v2\/product"}],"about":[{"href":"https:\/\/www.peintredurail.com\/fr\/wp-json\/wp\/v2\/types\/product"}],"wp:featuredmedia":[{"embeddable":true,"href":"https:\/\/www.peintredurail.com\/fr\/wp-json\/wp\/v2\/media\/493"}],"wp:attachment":[{"href":"https:\/\/www.peintredurail.com\/fr\/wp-json\/wp\/v2\/media?parent=492"}],"wp:term":[{"taxonomy":"product_brand","embeddable":true,"href":"https:\/\/www.peintredurail.com\/fr\/wp-json\/wp\/v2\/product_brand?post=492"},{"taxonomy":"product_cat","embeddable":true,"href":"https:\/\/www.peintredurail.com\/fr\/wp-json\/wp\/v2\/product_cat?post=492"},{"taxonomy":"product_tag","embeddable":true,"href":"https:\/\/www.peintredurail.com\/fr\/wp-json\/wp\/v2\/product_tag?post=492"}],"curies":[{"name":"wp","href":"https:\/\/api.w.org\/{rel}","templated":true}]}}