{"id":338,"date":"2018-11-04T16:28:11","date_gmt":"2018-11-04T16:28:11","guid":{"rendered":"https:\/\/pdr229.hrunk.com\/?post_type=product&#038;p=338"},"modified":"2021-03-18T14:14:02","modified_gmt":"2021-03-18T14:14:02","slug":"romance-on-the-rhine","status":"publish","type":"product","link":"https:\/\/www.peintredurail.com\/fr\/product\/romance-on-the-rhine\/","title":{"rendered":"Romance sur le Rhin"},"content":{"rendered":"<div align=\"left\">\n<p>Roulant majestueusement le long des rives du Rhin, le c\u00e9l\u00e8bre \u201cRheingold\u201d, train de luxe des ann\u00e9es 20 et 30 relie B\u00e2le \u00e0 Hoek van Holland. Le train, avec sa livr\u00e9e violet et cr\u00e8me tr\u00e8s remarquable, est tract\u00e9 par une Pacific Compound ex-bavaroise.<\/p>\n<\/div>\n","protected":false},"excerpt":{"rendered":"<div class=\"info\">\n<p class=\"sizes\">Huile sur toile 33 x 46 cm<\/p>\n<\/div>\n","protected":false},"featured_media":339,"template":"","meta":{"_acf_changed":false},"product_brand":[],"product_cat":[20,19],"product_tag":[],"class_list":{"0":"post-338","1":"product","2":"type-product","3":"status-publish","4":"has-post-thumbnail","6":"product_cat-gallery","7":"product_cat-not-for-sale","9":"first","10":"outofstock","11":"shipping-taxable","12":"product-type-simple"},"acf":[],"yoast_head":"<!-- This site is optimized with the Yoast SEO plugin v27.5 - https:\/\/yoast.com\/product\/yoast-seo-wordpress\/ -->\n<title>Romance sur le Rhin<\/title>\n<meta name=\"robots\" content=\"index, follow, max-snippet:-1, max-image-preview:large, max-video-preview:-1\" \/>\n<link rel=\"canonical\" href=\"https:\/\/www.peintredurail.com\/fr\/product\/romance-on-the-rhine\/\" \/>\n<meta property=\"og:locale\" content=\"fr_FR\" \/>\n<meta property=\"og:locale:alternate\" content=\"en_GB\" \/>\n<meta property=\"og:type\" content=\"article\" \/>\n<meta property=\"og:title\" content=\"Romance sur le Rhin\" \/>\n<meta property=\"og:description\" content=\"Huile sur toile 33 x 46 cm\" \/>\n<meta property=\"og:url\" content=\"https:\/\/www.peintredurail.com\/fr\/product\/romance-on-the-rhine\/\" \/>\n<meta property=\"og:site_name\" content=\"Peintre du Rail\" \/>\n<meta property=\"article:modified_time\" content=\"2021-03-18T14:14:02+00:00\" \/>\n<meta property=\"og:image\" content=\"https:\/\/www.peintredurail.com\/wp-content\/uploads\/2018\/11\/Rheingold_lg.jpg\" \/>\n\t<meta property=\"og:image:width\" content=\"398\" \/>\n\t<meta property=\"og:image:height\" content=\"283\" \/>\n\t<meta property=\"og:image:type\" content=\"image\/jpeg\" \/>\n<meta name=\"twitter:card\" content=\"summary_large_image\" \/>\n<script type=\"application\/ld+json\" class=\"yoast-schema-graph\">{\"@context\":\"https:\\\/\\\/schema.org\",\"@graph\":[{\"@type\":\"WebPage\",\"@id\":\"https:\\\/\\\/www.peintredurail.com\\\/fr\\\/product\\\/romance-on-the-rhine\\\/\",\"url\":\"https:\\\/\\\/www.peintredurail.com\\\/fr\\\/product\\\/romance-on-the-rhine\\\/\",\"name\":\"Romance sur le Rhin\",\"isPartOf\":{\"@id\":\"https:\\\/\\\/www.peintredurail.com\\\/fr\\\/#website\"},\"primaryImageOfPage\":{\"@id\":\"https:\\\/\\\/www.peintredurail.com\\\/fr\\\/product\\\/romance-on-the-rhine\\\/#primaryimage\"},\"image\":{\"@id\":\"https:\\\/\\\/www.peintredurail.com\\\/fr\\\/product\\\/romance-on-the-rhine\\\/#primaryimage\"},\"thumbnailUrl\":\"https:\\\/\\\/www.peintredurail.com\\\/wp-content\\\/uploads\\\/2018\\\/11\\\/Rheingold_lg.jpg\",\"datePublished\":\"2018-11-04T16:28:11+00:00\",\"dateModified\":\"2021-03-18T14:14:02+00:00\",\"breadcrumb\":{\"@id\":\"https:\\\/\\\/www.peintredurail.com\\\/fr\\\/product\\\/romance-on-the-rhine\\\/#breadcrumb\"},\"inLanguage\":\"fr-FR\",\"potentialAction\":[{\"@type\":\"ReadAction\",\"target\":[\"https:\\\/\\\/www.peintredurail.com\\\/fr\\\/product\\\/romance-on-the-rhine\\\/\"]}]},{\"@type\":\"ImageObject\",\"inLanguage\":\"fr-FR\",\"@id\":\"https:\\\/\\\/www.peintredurail.com\\\/fr\\\/product\\\/romance-on-the-rhine\\\/#primaryimage\",\"url\":\"https:\\\/\\\/www.peintredurail.com\\\/wp-content\\\/uploads\\\/2018\\\/11\\\/Rheingold_lg.jpg\",\"contentUrl\":\"https:\\\/\\\/www.peintredurail.com\\\/wp-content\\\/uploads\\\/2018\\\/11\\\/Rheingold_lg.jpg\",\"width\":398,\"height\":283},{\"@type\":\"BreadcrumbList\",\"@id\":\"https:\\\/\\\/www.peintredurail.com\\\/fr\\\/product\\\/romance-on-the-rhine\\\/#breadcrumb\",\"itemListElement\":[{\"@type\":\"ListItem\",\"position\":1,\"name\":\"Home\",\"item\":\"https:\\\/\\\/www.peintredurail.com\\\/fr\\\/\"},{\"@type\":\"ListItem\",\"position\":2,\"name\":\"Acheter des tirages\",\"item\":\"https:\\\/\\\/www.peintredurail.com\\\/fr\\\/shop\\\/\"},{\"@type\":\"ListItem\",\"position\":3,\"name\":\"Romance sur le Rhin\"}]},{\"@type\":\"WebSite\",\"@id\":\"https:\\\/\\\/www.peintredurail.com\\\/fr\\\/#website\",\"url\":\"https:\\\/\\\/www.peintredurail.com\\\/fr\\\/\",\"name\":\"Peintre du Rail\",\"description\":\"Chris Ludlow\",\"potentialAction\":[{\"@type\":\"SearchAction\",\"target\":{\"@type\":\"EntryPoint\",\"urlTemplate\":\"https:\\\/\\\/www.peintredurail.com\\\/fr\\\/?s={search_term_string}\"},\"query-input\":{\"@type\":\"PropertyValueSpecification\",\"valueRequired\":true,\"valueName\":\"search_term_string\"}}],\"inLanguage\":\"fr-FR\"}]}<\/script>\n<!-- \/ Yoast SEO plugin. -->","yoast_head_json":{"title":"Romance sur le Rhin","robots":{"index":"index","follow":"follow","max-snippet":"max-snippet:-1","max-image-preview":"max-image-preview:large","max-video-preview":"max-video-preview:-1"},"canonical":"https:\/\/www.peintredurail.com\/fr\/product\/romance-on-the-rhine\/","og_locale":"fr_FR","og_type":"article","og_title":"[:en]Romance on the Rhine[:fr]Romance sur le Rhin[:] - Peintre du Rail","og_description":"Huile sur toile 33 x 46 cm","og_url":"https:\/\/www.peintredurail.com\/fr\/product\/romance-on-the-rhine\/","og_site_name":"Peintre du Rail","article_modified_time":"2021-03-18T14:14:02+00:00","og_image":[{"width":398,"height":283,"url":"https:\/\/www.peintredurail.com\/wp-content\/uploads\/2018\/11\/Rheingold_lg.jpg","type":"image\/jpeg"}],"twitter_card":"summary_large_image","schema":{"@context":"https:\/\/schema.org","@graph":[{"@type":"WebPage","@id":"https:\/\/www.peintredurail.com\/fr\/product\/romance-on-the-rhine\/","url":"https:\/\/www.peintredurail.com\/fr\/product\/romance-on-the-rhine\/","name":"Romance sur le Rhin","isPartOf":{"@id":"https:\/\/www.peintredurail.com\/fr\/#website"},"primaryImageOfPage":{"@id":"https:\/\/www.peintredurail.com\/fr\/product\/romance-on-the-rhine\/#primaryimage"},"image":{"@id":"https:\/\/www.peintredurail.com\/fr\/product\/romance-on-the-rhine\/#primaryimage"},"thumbnailUrl":"https:\/\/www.peintredurail.com\/wp-content\/uploads\/2018\/11\/Rheingold_lg.jpg","datePublished":"2018-11-04T16:28:11+00:00","dateModified":"2021-03-18T14:14:02+00:00","breadcrumb":{"@id":"https:\/\/www.peintredurail.com\/fr\/product\/romance-on-the-rhine\/#breadcrumb"},"inLanguage":"fr-FR","potentialAction":[{"@type":"ReadAction","target":["https:\/\/www.peintredurail.com\/fr\/product\/romance-on-the-rhine\/"]}]},{"@type":"ImageObject","inLanguage":"fr-FR","@id":"https:\/\/www.peintredurail.com\/fr\/product\/romance-on-the-rhine\/#primaryimage","url":"https:\/\/www.peintredurail.com\/wp-content\/uploads\/2018\/11\/Rheingold_lg.jpg","contentUrl":"https:\/\/www.peintredurail.com\/wp-content\/uploads\/2018\/11\/Rheingold_lg.jpg","width":398,"height":283},{"@type":"BreadcrumbList","@id":"https:\/\/www.peintredurail.com\/fr\/product\/romance-on-the-rhine\/#breadcrumb","itemListElement":[{"@type":"ListItem","position":1,"name":"Home","item":"https:\/\/www.peintredurail.com\/fr\/"},{"@type":"ListItem","position":2,"name":"Acheter des tirages","item":"https:\/\/www.peintredurail.com\/fr\/shop\/"},{"@type":"ListItem","position":3,"name":"Romance sur le Rhin"}]},{"@type":"WebSite","@id":"https:\/\/www.peintredurail.com\/fr\/#website","url":"https:\/\/www.peintredurail.com\/fr\/","name":"Peintre du Rail","description":"Chris Ludlow","potentialAction":[{"@type":"SearchAction","target":{"@type":"EntryPoint","urlTemplate":"https:\/\/www.peintredurail.com\/fr\/?s={search_term_string}"},"query-input":{"@type":"PropertyValueSpecification","valueRequired":true,"valueName":"search_term_string"}}],"inLanguage":"fr-FR"}]}},"_links":{"self":[{"href":"https:\/\/www.peintredurail.com\/fr\/wp-json\/wp\/v2\/product\/338","targetHints":{"allow":["GET"]}}],"collection":[{"href":"https:\/\/www.peintredurail.com\/fr\/wp-json\/wp\/v2\/product"}],"about":[{"href":"https:\/\/www.peintredurail.com\/fr\/wp-json\/wp\/v2\/types\/product"}],"wp:featuredmedia":[{"embeddable":true,"href":"https:\/\/www.peintredurail.com\/fr\/wp-json\/wp\/v2\/media\/339"}],"wp:attachment":[{"href":"https:\/\/www.peintredurail.com\/fr\/wp-json\/wp\/v2\/media?parent=338"}],"wp:term":[{"taxonomy":"product_brand","embeddable":true,"href":"https:\/\/www.peintredurail.com\/fr\/wp-json\/wp\/v2\/product_brand?post=338"},{"taxonomy":"product_cat","embeddable":true,"href":"https:\/\/www.peintredurail.com\/fr\/wp-json\/wp\/v2\/product_cat?post=338"},{"taxonomy":"product_tag","embeddable":true,"href":"https:\/\/www.peintredurail.com\/fr\/wp-json\/wp\/v2\/product_tag?post=338"}],"curies":[{"name":"wp","href":"https:\/\/api.w.org\/{rel}","templated":true}]}}