{"id":289,"date":"2018-11-04T16:14:49","date_gmt":"2018-11-04T16:14:49","guid":{"rendered":"https:\/\/pdr229.hrunk.com\/?post_type=product&#038;p=289"},"modified":"2021-03-18T14:14:21","modified_gmt":"2021-03-18T14:14:21","slug":"a-pacific-passes","status":"publish","type":"product","link":"https:\/\/www.peintredurail.com\/fr\/product\/a-pacific-passes\/","title":{"rendered":"Une Pacific passe"},"content":{"rendered":"<div align=\"left\">\n<p>Sous un ciel mena\u00e7ant, une Pacific PLM de la s\u00e9rie originale de 1909 trouble la paisible gare de bifourcation de Moret-les-Sablons, en passant \u00e0 toute vitesse, tirant un rapid sur \u201cl\u2019Art\u00e8re Imp\u00e9riale\u201d.<\/p>\n<\/div>\n","protected":false},"excerpt":{"rendered":"<div class=\"info\">\n<p class=\"sizes\">Huile sur toile 38 x 46 cm<\/p>\n<\/div>\n","protected":false},"featured_media":290,"template":"","meta":{"_acf_changed":false},"product_brand":[],"product_cat":[20,19],"product_tag":[],"class_list":{"0":"post-289","1":"product","2":"type-product","3":"status-publish","4":"has-post-thumbnail","6":"product_cat-gallery","7":"product_cat-not-for-sale","9":"first","10":"outofstock","11":"shipping-taxable","12":"product-type-simple"},"acf":[],"yoast_head":"<!-- This site is optimized with the Yoast SEO plugin v27.5 - https:\/\/yoast.com\/product\/yoast-seo-wordpress\/ -->\n<title>Une Pacific passe<\/title>\n<meta name=\"robots\" content=\"index, follow, max-snippet:-1, max-image-preview:large, max-video-preview:-1\" \/>\n<link rel=\"canonical\" href=\"https:\/\/www.peintredurail.com\/fr\/product\/a-pacific-passes\/\" \/>\n<meta property=\"og:locale\" content=\"fr_FR\" \/>\n<meta property=\"og:locale:alternate\" content=\"en_GB\" \/>\n<meta property=\"og:type\" content=\"article\" \/>\n<meta property=\"og:title\" content=\"Une Pacific passe\" \/>\n<meta property=\"og:description\" content=\"Huile sur toile 38 x 46 cm\" \/>\n<meta property=\"og:url\" content=\"https:\/\/www.peintredurail.com\/fr\/product\/a-pacific-passes\/\" \/>\n<meta property=\"og:site_name\" content=\"Peintre du Rail\" \/>\n<meta property=\"article:modified_time\" content=\"2021-03-18T14:14:21+00:00\" \/>\n<meta property=\"og:image\" content=\"https:\/\/www.peintredurail.com\/wp-content\/uploads\/2018\/11\/apacificpasses_lg.jpg\" \/>\n\t<meta property=\"og:image:width\" content=\"400\" \/>\n\t<meta property=\"og:image:height\" content=\"327\" \/>\n\t<meta property=\"og:image:type\" content=\"image\/jpeg\" \/>\n<meta name=\"twitter:card\" content=\"summary_large_image\" \/>\n<script type=\"application\/ld+json\" class=\"yoast-schema-graph\">{\"@context\":\"https:\\\/\\\/schema.org\",\"@graph\":[{\"@type\":\"WebPage\",\"@id\":\"https:\\\/\\\/www.peintredurail.com\\\/fr\\\/product\\\/a-pacific-passes\\\/\",\"url\":\"https:\\\/\\\/www.peintredurail.com\\\/fr\\\/product\\\/a-pacific-passes\\\/\",\"name\":\"Une Pacific passe\",\"isPartOf\":{\"@id\":\"https:\\\/\\\/www.peintredurail.com\\\/fr\\\/#website\"},\"primaryImageOfPage\":{\"@id\":\"https:\\\/\\\/www.peintredurail.com\\\/fr\\\/product\\\/a-pacific-passes\\\/#primaryimage\"},\"image\":{\"@id\":\"https:\\\/\\\/www.peintredurail.com\\\/fr\\\/product\\\/a-pacific-passes\\\/#primaryimage\"},\"thumbnailUrl\":\"https:\\\/\\\/www.peintredurail.com\\\/wp-content\\\/uploads\\\/2018\\\/11\\\/apacificpasses_lg.jpg\",\"datePublished\":\"2018-11-04T16:14:49+00:00\",\"dateModified\":\"2021-03-18T14:14:21+00:00\",\"breadcrumb\":{\"@id\":\"https:\\\/\\\/www.peintredurail.com\\\/fr\\\/product\\\/a-pacific-passes\\\/#breadcrumb\"},\"inLanguage\":\"fr-FR\",\"potentialAction\":[{\"@type\":\"ReadAction\",\"target\":[\"https:\\\/\\\/www.peintredurail.com\\\/fr\\\/product\\\/a-pacific-passes\\\/\"]}]},{\"@type\":\"ImageObject\",\"inLanguage\":\"fr-FR\",\"@id\":\"https:\\\/\\\/www.peintredurail.com\\\/fr\\\/product\\\/a-pacific-passes\\\/#primaryimage\",\"url\":\"https:\\\/\\\/www.peintredurail.com\\\/wp-content\\\/uploads\\\/2018\\\/11\\\/apacificpasses_lg.jpg\",\"contentUrl\":\"https:\\\/\\\/www.peintredurail.com\\\/wp-content\\\/uploads\\\/2018\\\/11\\\/apacificpasses_lg.jpg\",\"width\":400,\"height\":327},{\"@type\":\"BreadcrumbList\",\"@id\":\"https:\\\/\\\/www.peintredurail.com\\\/fr\\\/product\\\/a-pacific-passes\\\/#breadcrumb\",\"itemListElement\":[{\"@type\":\"ListItem\",\"position\":1,\"name\":\"Home\",\"item\":\"https:\\\/\\\/www.peintredurail.com\\\/fr\\\/\"},{\"@type\":\"ListItem\",\"position\":2,\"name\":\"Acheter des tirages\",\"item\":\"https:\\\/\\\/www.peintredurail.com\\\/fr\\\/shop\\\/\"},{\"@type\":\"ListItem\",\"position\":3,\"name\":\"Une Pacific passe\"}]},{\"@type\":\"WebSite\",\"@id\":\"https:\\\/\\\/www.peintredurail.com\\\/fr\\\/#website\",\"url\":\"https:\\\/\\\/www.peintredurail.com\\\/fr\\\/\",\"name\":\"Peintre du Rail\",\"description\":\"Chris Ludlow\",\"potentialAction\":[{\"@type\":\"SearchAction\",\"target\":{\"@type\":\"EntryPoint\",\"urlTemplate\":\"https:\\\/\\\/www.peintredurail.com\\\/fr\\\/?s={search_term_string}\"},\"query-input\":{\"@type\":\"PropertyValueSpecification\",\"valueRequired\":true,\"valueName\":\"search_term_string\"}}],\"inLanguage\":\"fr-FR\"}]}<\/script>\n<!-- \/ Yoast SEO plugin. -->","yoast_head_json":{"title":"Une Pacific passe","robots":{"index":"index","follow":"follow","max-snippet":"max-snippet:-1","max-image-preview":"max-image-preview:large","max-video-preview":"max-video-preview:-1"},"canonical":"https:\/\/www.peintredurail.com\/fr\/product\/a-pacific-passes\/","og_locale":"fr_FR","og_type":"article","og_title":"[:en]A Pacific passes[:fr]Une Pacific passe[:] - Peintre du Rail","og_description":"Huile sur toile 38 x 46 cm","og_url":"https:\/\/www.peintredurail.com\/fr\/product\/a-pacific-passes\/","og_site_name":"Peintre du Rail","article_modified_time":"2021-03-18T14:14:21+00:00","og_image":[{"width":400,"height":327,"url":"https:\/\/www.peintredurail.com\/wp-content\/uploads\/2018\/11\/apacificpasses_lg.jpg","type":"image\/jpeg"}],"twitter_card":"summary_large_image","schema":{"@context":"https:\/\/schema.org","@graph":[{"@type":"WebPage","@id":"https:\/\/www.peintredurail.com\/fr\/product\/a-pacific-passes\/","url":"https:\/\/www.peintredurail.com\/fr\/product\/a-pacific-passes\/","name":"Une Pacific passe","isPartOf":{"@id":"https:\/\/www.peintredurail.com\/fr\/#website"},"primaryImageOfPage":{"@id":"https:\/\/www.peintredurail.com\/fr\/product\/a-pacific-passes\/#primaryimage"},"image":{"@id":"https:\/\/www.peintredurail.com\/fr\/product\/a-pacific-passes\/#primaryimage"},"thumbnailUrl":"https:\/\/www.peintredurail.com\/wp-content\/uploads\/2018\/11\/apacificpasses_lg.jpg","datePublished":"2018-11-04T16:14:49+00:00","dateModified":"2021-03-18T14:14:21+00:00","breadcrumb":{"@id":"https:\/\/www.peintredurail.com\/fr\/product\/a-pacific-passes\/#breadcrumb"},"inLanguage":"fr-FR","potentialAction":[{"@type":"ReadAction","target":["https:\/\/www.peintredurail.com\/fr\/product\/a-pacific-passes\/"]}]},{"@type":"ImageObject","inLanguage":"fr-FR","@id":"https:\/\/www.peintredurail.com\/fr\/product\/a-pacific-passes\/#primaryimage","url":"https:\/\/www.peintredurail.com\/wp-content\/uploads\/2018\/11\/apacificpasses_lg.jpg","contentUrl":"https:\/\/www.peintredurail.com\/wp-content\/uploads\/2018\/11\/apacificpasses_lg.jpg","width":400,"height":327},{"@type":"BreadcrumbList","@id":"https:\/\/www.peintredurail.com\/fr\/product\/a-pacific-passes\/#breadcrumb","itemListElement":[{"@type":"ListItem","position":1,"name":"Home","item":"https:\/\/www.peintredurail.com\/fr\/"},{"@type":"ListItem","position":2,"name":"Acheter des tirages","item":"https:\/\/www.peintredurail.com\/fr\/shop\/"},{"@type":"ListItem","position":3,"name":"Une Pacific passe"}]},{"@type":"WebSite","@id":"https:\/\/www.peintredurail.com\/fr\/#website","url":"https:\/\/www.peintredurail.com\/fr\/","name":"Peintre du Rail","description":"Chris Ludlow","potentialAction":[{"@type":"SearchAction","target":{"@type":"EntryPoint","urlTemplate":"https:\/\/www.peintredurail.com\/fr\/?s={search_term_string}"},"query-input":{"@type":"PropertyValueSpecification","valueRequired":true,"valueName":"search_term_string"}}],"inLanguage":"fr-FR"}]}},"_links":{"self":[{"href":"https:\/\/www.peintredurail.com\/fr\/wp-json\/wp\/v2\/product\/289","targetHints":{"allow":["GET"]}}],"collection":[{"href":"https:\/\/www.peintredurail.com\/fr\/wp-json\/wp\/v2\/product"}],"about":[{"href":"https:\/\/www.peintredurail.com\/fr\/wp-json\/wp\/v2\/types\/product"}],"wp:featuredmedia":[{"embeddable":true,"href":"https:\/\/www.peintredurail.com\/fr\/wp-json\/wp\/v2\/media\/290"}],"wp:attachment":[{"href":"https:\/\/www.peintredurail.com\/fr\/wp-json\/wp\/v2\/media?parent=289"}],"wp:term":[{"taxonomy":"product_brand","embeddable":true,"href":"https:\/\/www.peintredurail.com\/fr\/wp-json\/wp\/v2\/product_brand?post=289"},{"taxonomy":"product_cat","embeddable":true,"href":"https:\/\/www.peintredurail.com\/fr\/wp-json\/wp\/v2\/product_cat?post=289"},{"taxonomy":"product_tag","embeddable":true,"href":"https:\/\/www.peintredurail.com\/fr\/wp-json\/wp\/v2\/product_tag?post=289"}],"curies":[{"name":"wp","href":"https:\/\/api.w.org\/{rel}","templated":true}]}}