{"id":151,"date":"2018-11-04T15:29:12","date_gmt":"2018-11-04T15:29:12","guid":{"rendered":"https:\/\/pdr229.hrunk.com\/?post_type=product&#038;p=151"},"modified":"2021-03-18T14:14:54","modified_gmt":"2021-03-18T14:14:54","slug":"rocherolles","status":"publish","type":"product","link":"https:\/\/www.peintredurail.com\/fr\/product\/rocherolles\/","title":{"rendered":"Rocherolles"},"content":{"rendered":"<p>Une Chapelon 240 de la s\u00e9rie PO franchit le Viaduc de Rocherolles, pendant les ann\u00e9es 30, avec une rame principalement de voitures OCEM. Ces locomotives ont pr\u00e9c\u00e9d\u00e9es des 240P de la SNCF et sont consid\u00e9r\u00e9es, avec les machines SNCF, comme les chefs d\u2019oeuvres de Chapelon. Aucune n\u2019ont surv\u00e9cu. Dans ce tableau, j\u2019ai un peu trich\u00e9 en n\u2019y mettant pas les cat\u00e9naires sur le viaduc.<\/p>\n","protected":false},"excerpt":{"rendered":"<p>Huile sur toile 38 x 46 cm<\/p>\n","protected":false},"featured_media":152,"template":"","meta":{"_acf_changed":false},"product_brand":[],"product_cat":[20,19],"product_tag":[],"class_list":{"0":"post-151","1":"product","2":"type-product","3":"status-publish","4":"has-post-thumbnail","6":"product_cat-gallery","7":"product_cat-not-for-sale","9":"first","10":"outofstock","11":"shipping-taxable","12":"product-type-simple"},"acf":[],"yoast_head":"<!-- This site is optimized with the Yoast SEO plugin v27.5 - https:\/\/yoast.com\/product\/yoast-seo-wordpress\/ -->\n<title>Rocherolles<\/title>\n<meta name=\"robots\" content=\"index, follow, max-snippet:-1, max-image-preview:large, max-video-preview:-1\" \/>\n<link rel=\"canonical\" href=\"https:\/\/www.peintredurail.com\/fr\/product\/rocherolles\/\" \/>\n<meta property=\"og:locale\" content=\"fr_FR\" \/>\n<meta property=\"og:locale:alternate\" content=\"en_GB\" \/>\n<meta property=\"og:type\" content=\"article\" \/>\n<meta property=\"og:title\" content=\"Rocherolles\" \/>\n<meta property=\"og:description\" content=\"Huile sur toile 38 x 46 cm\" \/>\n<meta property=\"og:url\" content=\"https:\/\/www.peintredurail.com\/fr\/product\/rocherolles\/\" \/>\n<meta property=\"og:site_name\" content=\"Peintre du Rail\" \/>\n<meta property=\"article:modified_time\" content=\"2021-03-18T14:14:54+00:00\" \/>\n<meta property=\"og:image\" content=\"https:\/\/www.peintredurail.com\/wp-content\/uploads\/2018\/11\/IMG_8802.jpg\" \/>\n\t<meta property=\"og:image:width\" content=\"292\" \/>\n\t<meta property=\"og:image:height\" content=\"240\" \/>\n\t<meta property=\"og:image:type\" content=\"image\/jpeg\" \/>\n<meta name=\"twitter:card\" content=\"summary_large_image\" \/>\n<meta name=\"twitter:label1\" content=\"Est. reading time\" \/>\n\t<meta name=\"twitter:data1\" content=\"1 minute\" \/>\n<script type=\"application\/ld+json\" class=\"yoast-schema-graph\">{\"@context\":\"https:\\\/\\\/schema.org\",\"@graph\":[{\"@type\":\"WebPage\",\"@id\":\"https:\\\/\\\/www.peintredurail.com\\\/fr\\\/product\\\/rocherolles\\\/\",\"url\":\"https:\\\/\\\/www.peintredurail.com\\\/fr\\\/product\\\/rocherolles\\\/\",\"name\":\"Rocherolles\",\"isPartOf\":{\"@id\":\"https:\\\/\\\/www.peintredurail.com\\\/fr\\\/#website\"},\"primaryImageOfPage\":{\"@id\":\"https:\\\/\\\/www.peintredurail.com\\\/fr\\\/product\\\/rocherolles\\\/#primaryimage\"},\"image\":{\"@id\":\"https:\\\/\\\/www.peintredurail.com\\\/fr\\\/product\\\/rocherolles\\\/#primaryimage\"},\"thumbnailUrl\":\"https:\\\/\\\/www.peintredurail.com\\\/wp-content\\\/uploads\\\/2018\\\/11\\\/IMG_8802.jpg\",\"datePublished\":\"2018-11-04T15:29:12+00:00\",\"dateModified\":\"2021-03-18T14:14:54+00:00\",\"breadcrumb\":{\"@id\":\"https:\\\/\\\/www.peintredurail.com\\\/fr\\\/product\\\/rocherolles\\\/#breadcrumb\"},\"inLanguage\":\"fr-FR\",\"potentialAction\":[{\"@type\":\"ReadAction\",\"target\":[\"https:\\\/\\\/www.peintredurail.com\\\/fr\\\/product\\\/rocherolles\\\/\"]}]},{\"@type\":\"ImageObject\",\"inLanguage\":\"fr-FR\",\"@id\":\"https:\\\/\\\/www.peintredurail.com\\\/fr\\\/product\\\/rocherolles\\\/#primaryimage\",\"url\":\"https:\\\/\\\/www.peintredurail.com\\\/wp-content\\\/uploads\\\/2018\\\/11\\\/IMG_8802.jpg\",\"contentUrl\":\"https:\\\/\\\/www.peintredurail.com\\\/wp-content\\\/uploads\\\/2018\\\/11\\\/IMG_8802.jpg\",\"width\":292,\"height\":240},{\"@type\":\"BreadcrumbList\",\"@id\":\"https:\\\/\\\/www.peintredurail.com\\\/fr\\\/product\\\/rocherolles\\\/#breadcrumb\",\"itemListElement\":[{\"@type\":\"ListItem\",\"position\":1,\"name\":\"Home\",\"item\":\"https:\\\/\\\/www.peintredurail.com\\\/fr\\\/\"},{\"@type\":\"ListItem\",\"position\":2,\"name\":\"Acheter des tirages\",\"item\":\"https:\\\/\\\/www.peintredurail.com\\\/fr\\\/shop\\\/\"},{\"@type\":\"ListItem\",\"position\":3,\"name\":\"Rocherolles\"}]},{\"@type\":\"WebSite\",\"@id\":\"https:\\\/\\\/www.peintredurail.com\\\/fr\\\/#website\",\"url\":\"https:\\\/\\\/www.peintredurail.com\\\/fr\\\/\",\"name\":\"Peintre du Rail\",\"description\":\"Chris Ludlow\",\"potentialAction\":[{\"@type\":\"SearchAction\",\"target\":{\"@type\":\"EntryPoint\",\"urlTemplate\":\"https:\\\/\\\/www.peintredurail.com\\\/fr\\\/?s={search_term_string}\"},\"query-input\":{\"@type\":\"PropertyValueSpecification\",\"valueRequired\":true,\"valueName\":\"search_term_string\"}}],\"inLanguage\":\"fr-FR\"}]}<\/script>\n<!-- \/ Yoast SEO plugin. -->","yoast_head_json":{"title":"Rocherolles","robots":{"index":"index","follow":"follow","max-snippet":"max-snippet:-1","max-image-preview":"max-image-preview:large","max-video-preview":"max-video-preview:-1"},"canonical":"https:\/\/www.peintredurail.com\/fr\/product\/rocherolles\/","og_locale":"fr_FR","og_type":"article","og_title":"[:en]Rocherolles[:fr]Rocherolles[:] - Peintre du Rail","og_description":"Huile sur toile 38 x 46 cm","og_url":"https:\/\/www.peintredurail.com\/fr\/product\/rocherolles\/","og_site_name":"Peintre du Rail","article_modified_time":"2021-03-18T14:14:54+00:00","og_image":[{"width":292,"height":240,"url":"https:\/\/www.peintredurail.com\/wp-content\/uploads\/2018\/11\/IMG_8802.jpg","type":"image\/jpeg"}],"twitter_card":"summary_large_image","twitter_misc":{"Est. reading time":"1 minute"},"schema":{"@context":"https:\/\/schema.org","@graph":[{"@type":"WebPage","@id":"https:\/\/www.peintredurail.com\/fr\/product\/rocherolles\/","url":"https:\/\/www.peintredurail.com\/fr\/product\/rocherolles\/","name":"Rocherolles","isPartOf":{"@id":"https:\/\/www.peintredurail.com\/fr\/#website"},"primaryImageOfPage":{"@id":"https:\/\/www.peintredurail.com\/fr\/product\/rocherolles\/#primaryimage"},"image":{"@id":"https:\/\/www.peintredurail.com\/fr\/product\/rocherolles\/#primaryimage"},"thumbnailUrl":"https:\/\/www.peintredurail.com\/wp-content\/uploads\/2018\/11\/IMG_8802.jpg","datePublished":"2018-11-04T15:29:12+00:00","dateModified":"2021-03-18T14:14:54+00:00","breadcrumb":{"@id":"https:\/\/www.peintredurail.com\/fr\/product\/rocherolles\/#breadcrumb"},"inLanguage":"fr-FR","potentialAction":[{"@type":"ReadAction","target":["https:\/\/www.peintredurail.com\/fr\/product\/rocherolles\/"]}]},{"@type":"ImageObject","inLanguage":"fr-FR","@id":"https:\/\/www.peintredurail.com\/fr\/product\/rocherolles\/#primaryimage","url":"https:\/\/www.peintredurail.com\/wp-content\/uploads\/2018\/11\/IMG_8802.jpg","contentUrl":"https:\/\/www.peintredurail.com\/wp-content\/uploads\/2018\/11\/IMG_8802.jpg","width":292,"height":240},{"@type":"BreadcrumbList","@id":"https:\/\/www.peintredurail.com\/fr\/product\/rocherolles\/#breadcrumb","itemListElement":[{"@type":"ListItem","position":1,"name":"Home","item":"https:\/\/www.peintredurail.com\/fr\/"},{"@type":"ListItem","position":2,"name":"Acheter des tirages","item":"https:\/\/www.peintredurail.com\/fr\/shop\/"},{"@type":"ListItem","position":3,"name":"Rocherolles"}]},{"@type":"WebSite","@id":"https:\/\/www.peintredurail.com\/fr\/#website","url":"https:\/\/www.peintredurail.com\/fr\/","name":"Peintre du Rail","description":"Chris Ludlow","potentialAction":[{"@type":"SearchAction","target":{"@type":"EntryPoint","urlTemplate":"https:\/\/www.peintredurail.com\/fr\/?s={search_term_string}"},"query-input":{"@type":"PropertyValueSpecification","valueRequired":true,"valueName":"search_term_string"}}],"inLanguage":"fr-FR"}]}},"_links":{"self":[{"href":"https:\/\/www.peintredurail.com\/fr\/wp-json\/wp\/v2\/product\/151","targetHints":{"allow":["GET"]}}],"collection":[{"href":"https:\/\/www.peintredurail.com\/fr\/wp-json\/wp\/v2\/product"}],"about":[{"href":"https:\/\/www.peintredurail.com\/fr\/wp-json\/wp\/v2\/types\/product"}],"wp:featuredmedia":[{"embeddable":true,"href":"https:\/\/www.peintredurail.com\/fr\/wp-json\/wp\/v2\/media\/152"}],"wp:attachment":[{"href":"https:\/\/www.peintredurail.com\/fr\/wp-json\/wp\/v2\/media?parent=151"}],"wp:term":[{"taxonomy":"product_brand","embeddable":true,"href":"https:\/\/www.peintredurail.com\/fr\/wp-json\/wp\/v2\/product_brand?post=151"},{"taxonomy":"product_cat","embeddable":true,"href":"https:\/\/www.peintredurail.com\/fr\/wp-json\/wp\/v2\/product_cat?post=151"},{"taxonomy":"product_tag","embeddable":true,"href":"https:\/\/www.peintredurail.com\/fr\/wp-json\/wp\/v2\/product_tag?post=151"}],"curies":[{"name":"wp","href":"https:\/\/api.w.org\/{rel}","templated":true}]}}